{"id":11,"date":"2016-11-28T14:20:28","date_gmt":"2016-11-28T13:20:28","guid":{"rendered":"http:\/\/www.lesprojekt.cz\/?page_id=11"},"modified":"2023-06-19T14:41:28","modified_gmt":"2023-06-19T12:41:28","slug":"lesprojekt-v-mediich","status":"publish","type":"page","link":"https:\/\/www.lesprojekt.cz\/?page_id=11","title":{"rendered":"Lesprojekt v m\u00e9di\u00edch"},"content":{"rendered":"<p><!--:cs--><br \/>\n<strong>Spolupr\u00e1ce WC3 a OGC <\/strong><br \/>\n<strong>06.01.2015 &#8211; W3C a Open Geospatial Consortium (OGC)ozn\u00e1mili novou aktivn\u00ed spolupr\u00e1ci s c\u00edlem zlep\u0161it interoperabilitu a integraci prostorov\u00fdch dat na webu. V r\u00e1mci skupiny W3C, je tato pr\u00e1ce tak\u00e9 podporov\u00e1na v sou\u010dasn\u00e9 dob\u011b b\u011b\u017e\u00edc\u00edm projektem SmartOpenData (SmOD)<\/strong><br \/>\n<a href=\"http:\/\/www.w3.org\/blog\/news\/archives\/4287\">dal\u0161\u00ed informace W3C (SmOD)<\/a><br \/>\n<a href=\"http:\/\/www.opengeospatial.org\/pressroom\/pressreleases\/2149\">spolupr\u00e1ce W3C a OGC (SmOD)<\/a><\/p>\n<p><strong> PPRD East: 13. \u010dervence 2014 v Bruselu na z\u00e1v\u011bre\u010dn\u00e9 konferenci bylo v\u00edce ne\u017e 60 \u00fa\u010dastn\u00edk\u016f <a href=\"http:\/\/euroeastcp.eu\/en\/video.html#445\">Fin\u00e1ln\u00ed video<\/a>. B\u011bhem akce \u00fa\u010dastn\u00edci sledovali v\u00fdsledky dosa\u017een\u00e9 b\u011bhem 4-let\u00e9ho projektu a posoudili pokrok v t\u00e9to oblasti a mechanismy spolupr\u00e1ce v oblasti civiln\u00ed ochrany ve v\u00fdchodn\u00edm sousedstv\u00ed EU.<\/strong><\/p>\n","protected":false},"excerpt":{"rendered":"<p>Spolupr\u00e1ce WC3 a OGC 06.01.2015 &#8211; W3C a Open Geospatial Consortium (OGC)ozn\u00e1mili novou aktivn\u00ed spolupr\u00e1ci s c\u00edlem zlep\u0161it interoperabilitu a integraci prostorov\u00fdch dat na webu. V r\u00e1mci skupiny W3C, je tato pr\u00e1ce tak\u00e9 podporov\u00e1na v sou\u010dasn\u00e9 dob\u011b b\u011b\u017e\u00edc\u00edm projektem SmartOpenData (SmOD) dal\u0161\u00ed informace W3C (SmOD) spolupr\u00e1ce W3C a OGC (SmOD) PPRD East: 13. \u010dervence 2014 [&hellip;]<\/p>\n","protected":false},"author":1,"featured_media":0,"parent":7,"menu_order":0,"comment_status":"closed","ping_status":"closed","template":"","meta":{"footnotes":""},"class_list":["post-11","page","type-page","status-publish","hentry"],"_links":{"self":[{"href":"https:\/\/www.lesprojekt.cz\/index.php?rest_route=\/wp\/v2\/pages\/11","targetHints":{"allow":["GET"]}}],"collection":[{"href":"https:\/\/www.lesprojekt.cz\/index.php?rest_route=\/wp\/v2\/pages"}],"about":[{"href":"https:\/\/www.lesprojekt.cz\/index.php?rest_route=\/wp\/v2\/types\/page"}],"author":[{"embeddable":true,"href":"https:\/\/www.lesprojekt.cz\/index.php?rest_route=\/wp\/v2\/users\/1"}],"replies":[{"embeddable":true,"href":"https:\/\/www.lesprojekt.cz\/index.php?rest_route=%2Fwp%2Fv2%2Fcomments&post=11"}],"version-history":[{"count":2,"href":"https:\/\/www.lesprojekt.cz\/index.php?rest_route=\/wp\/v2\/pages\/11\/revisions"}],"predecessor-version":[{"id":1392,"href":"https:\/\/www.lesprojekt.cz\/index.php?rest_route=\/wp\/v2\/pages\/11\/revisions\/1392"}],"up":[{"embeddable":true,"href":"https:\/\/www.lesprojekt.cz\/index.php?rest_route=\/wp\/v2\/pages\/7"}],"wp:attachment":[{"href":"https:\/\/www.lesprojekt.cz\/index.php?rest_route=%2Fwp%2Fv2%2Fmedia&parent=11"}],"curies":[{"name":"wp","href":"https:\/\/api.w.org\/{rel}","templated":true}]}}