{"id":13,"date":"2016-11-28T14:33:47","date_gmt":"2016-11-28T13:33:47","guid":{"rendered":"http:\/\/www.lesprojekt.cz\/?page_id=13"},"modified":"2023-06-19T14:42:48","modified_gmt":"2023-06-19T12:42:48","slug":"pro-novinare","status":"publish","type":"page","link":"https:\/\/www.lesprojekt.cz\/?page_id=13","title":{"rendered":"Pro novin\u00e1\u0159e"},"content":{"rendered":"<p>Pracovn\u00ed t\u00fdm SDI4Apps &#8211; LinkedIn &#8211; diskuze a koment\u00e1\u0159e <a href=\"http:\/\/www.linkedin.com\/groups\/SDI4Apps-3516067\">SDI4Apps &#8211; aktivity<\/a><br \/>\nV z\u00e1\u0159\u00ed 2014 se uskute\u010dnilo v Jelgav\u011b pracovn\u00ed setk\u00e1n\u00ed projektov\u00fdch t\u00fdm\u016f (SDI4Apps, SmOD) <a href=\"http:\/\/www.ccss.cz\/wp-content\/uploads\/2014\/11\/2014_10_sdi4apps_press-release.pdf\">Jelgava-press-release<\/a><br \/>\n<!--:--><\/p>\n","protected":false},"excerpt":{"rendered":"<p>Pracovn\u00ed t\u00fdm SDI4Apps &#8211; LinkedIn &#8211; diskuze a koment\u00e1\u0159e SDI4Apps &#8211; aktivity V z\u00e1\u0159\u00ed 2014 se uskute\u010dnilo v Jelgav\u011b pracovn\u00ed setk\u00e1n\u00ed projektov\u00fdch t\u00fdm\u016f (SDI4Apps, SmOD) Jelgava-press-release<\/p>\n","protected":false},"author":1,"featured_media":0,"parent":7,"menu_order":0,"comment_status":"closed","ping_status":"closed","template":"","meta":{"footnotes":""},"class_list":["post-13","page","type-page","status-publish","hentry"],"_links":{"self":[{"href":"https:\/\/www.lesprojekt.cz\/index.php?rest_route=\/wp\/v2\/pages\/13","targetHints":{"allow":["GET"]}}],"collection":[{"href":"https:\/\/www.lesprojekt.cz\/index.php?rest_route=\/wp\/v2\/pages"}],"about":[{"href":"https:\/\/www.lesprojekt.cz\/index.php?rest_route=\/wp\/v2\/types\/page"}],"author":[{"embeddable":true,"href":"https:\/\/www.lesprojekt.cz\/index.php?rest_route=\/wp\/v2\/users\/1"}],"replies":[{"embeddable":true,"href":"https:\/\/www.lesprojekt.cz\/index.php?rest_route=%2Fwp%2Fv2%2Fcomments&post=13"}],"version-history":[{"count":3,"href":"https:\/\/www.lesprojekt.cz\/index.php?rest_route=\/wp\/v2\/pages\/13\/revisions"}],"predecessor-version":[{"id":1396,"href":"https:\/\/www.lesprojekt.cz\/index.php?rest_route=\/wp\/v2\/pages\/13\/revisions\/1396"}],"up":[{"embeddable":true,"href":"https:\/\/www.lesprojekt.cz\/index.php?rest_route=\/wp\/v2\/pages\/7"}],"wp:attachment":[{"href":"https:\/\/www.lesprojekt.cz\/index.php?rest_route=%2Fwp%2Fv2%2Fmedia&parent=13"}],"curies":[{"name":"wp","href":"https:\/\/api.w.org\/{rel}","templated":true}]}}