{"id":141,"date":"2017-05-03T13:31:15","date_gmt":"2017-05-03T11:31:15","guid":{"rendered":"http:\/\/www.lesprojekt.cz\/?page_id=141"},"modified":"2023-06-19T15:05:37","modified_gmt":"2023-06-19T13:05:37","slug":"godan","status":"publish","type":"page","link":"https:\/\/www.lesprojekt.cz\/?page_id=141","title":{"rendered":"GODAN"},"content":{"rendered":"<p><!--:cs--><br \/>\nLesprojekt se stal \u010dlenem iniciativy Global Open Data for Agriculture and Nutrition (GODAN). GODAN podporuje proaktivn\u00ed sd\u00edlen\u00ed otev\u0159en\u00fdch dat, aby byly informace o zem\u011bd\u011blstv\u00ed a v\u00fd\u017eiv\u011b k dispozici, p\u0159\u00edstupn\u00e9 a pou\u017eiteln\u00e9 k \u0159e\u0161en\u00ed nal\u00e9hav\u00e9 v\u00fdzvy k zaji\u0161t\u011bn\u00ed sv\u011btov\u00e9 potravinov\u00e9 bezpe\u010dnosti. Jedn\u00e1 se o rychle rostouc\u00ed skupinu, v sou\u010dasnosti s v\u00edce ne\u017e 508 partnery z n\u00e1rodn\u00edch vl\u00e1d, nevl\u00e1dn\u00edch, mezin\u00e1rodn\u00edch a soukrom\u00fdch organizac\u00ed, kter\u00e9 se zav\u00e1zaly ke spole\u010dn\u00e9mu Programov\u00e9mu prohl\u00e1\u0161en\u00ed. Iniciativa se zam\u011b\u0159uje na budov\u00e1n\u00ed podpory na vysok\u00e9 \u00farovni mezi vl\u00e1dami, tv\u016frci politik, mezin\u00e1rodn\u00edmi organizacemi a podniky. Spole\u010dnost GODAN podporuje spolupr\u00e1ci s c\u00edlem vyu\u017e\u00edvat rostouc\u00ed objem dat vytvo\u0159en\u00fdch nov\u00fdmi technologiemi pro \u0159e\u0161en\u00ed dlouhodob\u00fdch probl\u00e9m\u016f a prosp\u011bch zem\u011bd\u011blc\u016fm a zdrav\u00ed spot\u0159ebitel\u016f.<\/p>\n<p>&#8212; <a href=\"http:\/\/www.godan.info\" target=\"_blank\" rel=\"noopener\">www.godan.info<\/a><br \/>\n<!--:--><\/p>\n","protected":false},"excerpt":{"rendered":"<p>Lesprojekt se stal \u010dlenem iniciativy Global Open Data for Agriculture and Nutrition (GODAN). GODAN podporuje proaktivn\u00ed sd\u00edlen\u00ed otev\u0159en\u00fdch dat, aby byly informace o zem\u011bd\u011blstv\u00ed a v\u00fd\u017eiv\u011b k dispozici, p\u0159\u00edstupn\u00e9 a pou\u017eiteln\u00e9 k \u0159e\u0161en\u00ed nal\u00e9hav\u00e9 v\u00fdzvy k zaji\u0161t\u011bn\u00ed sv\u011btov\u00e9 potravinov\u00e9 bezpe\u010dnosti. Jedn\u00e1 se o rychle rostouc\u00ed skupinu, v sou\u010dasnosti s v\u00edce ne\u017e 508 partnery z n\u00e1rodn\u00edch [&hellip;]<\/p>\n","protected":false},"author":1,"featured_media":0,"parent":21,"menu_order":5,"comment_status":"closed","ping_status":"closed","template":"","meta":{"footnotes":""},"class_list":["post-141","page","type-page","status-publish","hentry"],"_links":{"self":[{"href":"https:\/\/www.lesprojekt.cz\/index.php?rest_route=\/wp\/v2\/pages\/141","targetHints":{"allow":["GET"]}}],"collection":[{"href":"https:\/\/www.lesprojekt.cz\/index.php?rest_route=\/wp\/v2\/pages"}],"about":[{"href":"https:\/\/www.lesprojekt.cz\/index.php?rest_route=\/wp\/v2\/types\/page"}],"author":[{"embeddable":true,"href":"https:\/\/www.lesprojekt.cz\/index.php?rest_route=\/wp\/v2\/users\/1"}],"replies":[{"embeddable":true,"href":"https:\/\/www.lesprojekt.cz\/index.php?rest_route=%2Fwp%2Fv2%2Fcomments&post=141"}],"version-history":[{"count":6,"href":"https:\/\/www.lesprojekt.cz\/index.php?rest_route=\/wp\/v2\/pages\/141\/revisions"}],"predecessor-version":[{"id":1451,"href":"https:\/\/www.lesprojekt.cz\/index.php?rest_route=\/wp\/v2\/pages\/141\/revisions\/1451"}],"up":[{"embeddable":true,"href":"https:\/\/www.lesprojekt.cz\/index.php?rest_route=\/wp\/v2\/pages\/21"}],"wp:attachment":[{"href":"https:\/\/www.lesprojekt.cz\/index.php?rest_route=%2Fwp%2Fv2%2Fmedia&parent=141"}],"curies":[{"name":"wp","href":"https:\/\/api.w.org\/{rel}","templated":true}]}}