{"id":144,"date":"2017-05-03T13:32:07","date_gmt":"2017-05-03T11:32:07","guid":{"rendered":"http:\/\/www.lesprojekt.cz\/?page_id=144"},"modified":"2023-06-19T15:07:04","modified_gmt":"2023-06-19T13:07:04","slug":"plan4all","status":"publish","type":"page","link":"https:\/\/www.lesprojekt.cz\/?page_id=144","title":{"rendered":"Plan4all"},"content":{"rendered":"<p><!--:cs--><br \/>\nPlan4all je spolek, kter\u00fd udr\u017euje a d\u00e1le zvy\u0161uje v\u00fdsledky mnoha v\u00fdzkumn\u00fdch a inova\u010dn\u00edch projekt\u016f. Kombinuje velk\u00e9 otev\u0159en\u00e9 datov\u00e9 soubory souvisej\u00edc\u00ed s pl\u00e1novac\u00edmi aktivitami v r\u016fzn\u00fdch oblastech specializace dopravy, \u00fazemn\u00edho a urbanistick\u00e9ho pl\u00e1nov\u00e1n\u00ed, \u017eivotn\u00edho prost\u0159ed\u00ed a cestovn\u00edho ruchu. Plan4all zaji\u0161\u0165uje, \u017ee otev\u0159en\u00e1 data jsou snadno p\u0159\u00edstupn\u00e1 k op\u011btovn\u00e9mu pou\u017eit\u00ed, uchov\u00e1v\u00e1 data a zlep\u0161uje jejich kvalitu.<\/p>\n<p>&#8212; <a href=\"http:\/\/www.plan4all.eu\" target=\"_blank\" rel=\"noopener\">www.plan4all.eu<\/a><br \/>\n<!--:--><\/p>\n","protected":false},"excerpt":{"rendered":"<p>Plan4all je spolek, kter\u00fd udr\u017euje a d\u00e1le zvy\u0161uje v\u00fdsledky mnoha v\u00fdzkumn\u00fdch a inova\u010dn\u00edch projekt\u016f. Kombinuje velk\u00e9 otev\u0159en\u00e9 datov\u00e9 soubory souvisej\u00edc\u00ed s pl\u00e1novac\u00edmi aktivitami v r\u016fzn\u00fdch oblastech specializace dopravy, \u00fazemn\u00edho a urbanistick\u00e9ho pl\u00e1nov\u00e1n\u00ed, \u017eivotn\u00edho prost\u0159ed\u00ed a cestovn\u00edho ruchu. Plan4all zaji\u0161\u0165uje, \u017ee otev\u0159en\u00e1 data jsou snadno p\u0159\u00edstupn\u00e1 k op\u011btovn\u00e9mu pou\u017eit\u00ed, uchov\u00e1v\u00e1 data a zlep\u0161uje jejich kvalitu. &#8212; [&hellip;]<\/p>\n","protected":false},"author":1,"featured_media":0,"parent":21,"menu_order":10,"comment_status":"closed","ping_status":"closed","template":"","meta":{"footnotes":""},"class_list":["post-144","page","type-page","status-publish","hentry"],"_links":{"self":[{"href":"https:\/\/www.lesprojekt.cz\/index.php?rest_route=\/wp\/v2\/pages\/144","targetHints":{"allow":["GET"]}}],"collection":[{"href":"https:\/\/www.lesprojekt.cz\/index.php?rest_route=\/wp\/v2\/pages"}],"about":[{"href":"https:\/\/www.lesprojekt.cz\/index.php?rest_route=\/wp\/v2\/types\/page"}],"author":[{"embeddable":true,"href":"https:\/\/www.lesprojekt.cz\/index.php?rest_route=\/wp\/v2\/users\/1"}],"replies":[{"embeddable":true,"href":"https:\/\/www.lesprojekt.cz\/index.php?rest_route=%2Fwp%2Fv2%2Fcomments&post=144"}],"version-history":[{"count":7,"href":"https:\/\/www.lesprojekt.cz\/index.php?rest_route=\/wp\/v2\/pages\/144\/revisions"}],"predecessor-version":[{"id":1456,"href":"https:\/\/www.lesprojekt.cz\/index.php?rest_route=\/wp\/v2\/pages\/144\/revisions\/1456"}],"up":[{"embeddable":true,"href":"https:\/\/www.lesprojekt.cz\/index.php?rest_route=\/wp\/v2\/pages\/21"}],"wp:attachment":[{"href":"https:\/\/www.lesprojekt.cz\/index.php?rest_route=%2Fwp%2Fv2%2Fmedia&parent=144"}],"curies":[{"name":"wp","href":"https:\/\/api.w.org\/{rel}","templated":true}]}}