{"id":146,"date":"2017-05-03T13:32:30","date_gmt":"2017-05-03T11:32:30","guid":{"rendered":"http:\/\/www.lesprojekt.cz\/?page_id=146"},"modified":"2023-06-19T15:07:49","modified_gmt":"2023-06-19T13:07:49","slug":"wirelessinfo","status":"publish","type":"page","link":"https:\/\/www.lesprojekt.cz\/?page_id=146","title":{"rendered":"WIRELESSINFO"},"content":{"rendered":"<p><!--:cs--><br \/>\nWIRELESSINFO je neziskov\u00e9 sdru\u017een\u00ed zalo\u017een\u00fd v roce 2003 se zam\u011b\u0159en\u00edm na p\u0159esn\u00e9 zem\u011bd\u011blstv\u00ed, ochranu p\u016fdy, nakl\u00e1d\u00e1n\u00ed s odpady, spr\u00e1vu krajiny a ICT pro zem\u011bd\u011blstv\u00ed. WRLS m\u00e1 velmi \u0161irokou oblast \u010dinnost\u00ed s obrovsk\u00fdm rozs\u00e1hl\u00fdm v\u00fdzkumem, inovacemi a implementa\u010dn\u00edm potenci\u00e1lem jak na \u010desk\u00e9m, tak na mezin\u00e1rodn\u00edm trhu.<br \/>\nWIRELESSINFO sdru\u017euje mal\u00e9 a st\u0159edn\u00ed podniky, v\u00fdzkum a pr\u016fmysl a p\u0159\u00edmo zahrnuje koncov\u00e9 u\u017eivatele do v\u00fdzkumu a v\u00fdvoje. WirelessInfo propojuje zku\u0161enosti v oblasti p\u0159esn\u00e9ho zem\u011bd\u011blsk\u00e9ho hospoda\u0159en\u00ed s p\u016fdou, vyu\u017e\u00edv\u00e1n\u00ed p\u016fdy a spr\u00e1vy krajiny se \u0161irok\u00fdmi znalostmi v oblasti informa\u010dn\u00edch a komunika\u010dn\u00edch technologi\u00ed, zejm\u00e9na senzor\u016f a technologi\u00ed GIS. Sou\u010d\u00e1st\u00ed aktivit spole\u010dnosti WirelessInfo je propojen\u00ed se studiemi proveditelnosti a ekonomick\u00fdm hodnocen\u00edm nov\u00fdch metod zem\u011bd\u011blstv\u00ed a zav\u00e1d\u011bn\u00edm nov\u00fdch typ\u016f taktick\u00fdch metod pl\u00e1nov\u00e1n\u00ed pro zem\u011bd\u011blstv\u00ed. C\u00edlem v\u00fdzkumu spole\u010dnosti WirelessInfo je vyu\u017eit\u00ed inovac\u00ed s c\u00edlem zlep\u0161it kvalitu rozhodov\u00e1n\u00ed v zem\u011bd\u011blstv\u00ed, zlep\u0161it pracovn\u00ed p\u0159\u00edle\u017eitosti obyvatel venkovsk\u00fdch oblast\u00ed, pos\u00edlit hospod\u00e1\u0159stv\u00ed venkova a podpo\u0159it vytv\u00e1\u0159en\u00ed \u0159e\u0161en\u00ed pro p\u0159esn\u00e9 zem\u011bd\u011blstv\u00ed, Zem\u011bd\u011blsk\u00fd potravinov\u00fd \u0159et\u011bzec a logistiku.<\/p>\n<p>&#8212; <a href=\"http:\/\/www.wirelessinfo.cz\" target=\"_blank\" rel=\"noopener\">www.wirelessinfo.cz<\/a><br \/>\n<!--:--><\/p>\n","protected":false},"excerpt":{"rendered":"<p>WIRELESSINFO je neziskov\u00e9 sdru\u017een\u00ed zalo\u017een\u00fd v roce 2003 se zam\u011b\u0159en\u00edm na p\u0159esn\u00e9 zem\u011bd\u011blstv\u00ed, ochranu p\u016fdy, nakl\u00e1d\u00e1n\u00ed s odpady, spr\u00e1vu krajiny a ICT pro zem\u011bd\u011blstv\u00ed. WRLS m\u00e1 velmi \u0161irokou oblast \u010dinnost\u00ed s obrovsk\u00fdm rozs\u00e1hl\u00fdm v\u00fdzkumem, inovacemi a implementa\u010dn\u00edm potenci\u00e1lem jak na \u010desk\u00e9m, tak na mezin\u00e1rodn\u00edm trhu. WIRELESSINFO sdru\u017euje mal\u00e9 a st\u0159edn\u00ed podniky, v\u00fdzkum a pr\u016fmysl a [&hellip;]<\/p>\n","protected":false},"author":1,"featured_media":0,"parent":21,"menu_order":15,"comment_status":"closed","ping_status":"closed","template":"","meta":{"footnotes":""},"class_list":["post-146","page","type-page","status-publish","hentry"],"_links":{"self":[{"href":"https:\/\/www.lesprojekt.cz\/index.php?rest_route=\/wp\/v2\/pages\/146","targetHints":{"allow":["GET"]}}],"collection":[{"href":"https:\/\/www.lesprojekt.cz\/index.php?rest_route=\/wp\/v2\/pages"}],"about":[{"href":"https:\/\/www.lesprojekt.cz\/index.php?rest_route=\/wp\/v2\/types\/page"}],"author":[{"embeddable":true,"href":"https:\/\/www.lesprojekt.cz\/index.php?rest_route=\/wp\/v2\/users\/1"}],"replies":[{"embeddable":true,"href":"https:\/\/www.lesprojekt.cz\/index.php?rest_route=%2Fwp%2Fv2%2Fcomments&post=146"}],"version-history":[{"count":7,"href":"https:\/\/www.lesprojekt.cz\/index.php?rest_route=\/wp\/v2\/pages\/146\/revisions"}],"predecessor-version":[{"id":1458,"href":"https:\/\/www.lesprojekt.cz\/index.php?rest_route=\/wp\/v2\/pages\/146\/revisions\/1458"}],"up":[{"embeddable":true,"href":"https:\/\/www.lesprojekt.cz\/index.php?rest_route=\/wp\/v2\/pages\/21"}],"wp:attachment":[{"href":"https:\/\/www.lesprojekt.cz\/index.php?rest_route=%2Fwp%2Fv2%2Fmedia&parent=146"}],"curies":[{"name":"wp","href":"https:\/\/api.w.org\/{rel}","templated":true}]}}