{"id":1467,"date":"2023-06-19T15:11:28","date_gmt":"2023-06-19T13:11:28","guid":{"rendered":"https:\/\/www.lesprojekt.cz\/?page_id=1467"},"modified":"2023-06-19T15:11:28","modified_gmt":"2023-06-19T13:11:28","slug":"contacts","status":"publish","type":"page","link":"https:\/\/www.lesprojekt.cz\/?page_id=1467&lang=en","title":{"rendered":"Contacts"},"content":{"rendered":"\n<h2 class=\"wp-block-heading\">LESPROJEKT-SLU\u017dBY s.r.o.<\/h2>\n\n\n\n<p>Martinov 197, 277 13 Z\u00e1ryby, \u010cesk\u00e1 republika<br>ID: 47537256 | VAT ID: CZ47537256<\/p>\n\n\n\n<p><em>Spisov\u00e1 zna\u010dka: 17499 C, M\u011bstsk\u00fd soud v Praze<\/em><br>Datov\u00e1 schr\u00e1nka: 727ia2w<\/p>\n\n\n\n<p>Registrovan\u00e9 bankovn\u00ed \u00fa\u010dty pl\u00e1tce DPH: 2101332011\/2010<br>IBAN: CZ5920100000002001332030<\/p>\n\n\n\n<h3 class=\"wp-block-heading\">Karel Charv\u00e1t Jr., jednatel<\/h3>\n\n\n\n<p><a href=\"mailto:charvat_junior@lesprojekt.cz\">charvat_junior@lesprojekt.cz<\/a><\/p>\n\n\n\n<h3 class=\"wp-block-heading\">Karel Charv\u00e1t<\/h3>\n\n\n\n<p><a href=\"mailto:charvat@lesprojekt.cz\">charvat@lesprojekt.cz<\/a><\/p>\n\n\n\n<h3 class=\"wp-block-heading\">Zbyn\u011bk K\u0159iv\u00e1nek<\/h3>\n\n\n\n<p><a href=\"mailto:krivanek@lesprojekt.cz\">krivanek@lesprojekt.cz<\/a><\/p>\n\n\n<div class=\"wpforms-container wpforms-container-full\" id=\"wpforms-833\"><form id=\"wpforms-form-833\" class=\"wpforms-validate wpforms-form\" data-formid=\"833\" method=\"post\" enctype=\"multipart\/form-data\" action=\"\/index.php?rest_route=%2Fwp%2Fv2%2Fpages%2F1467\" data-token=\"9496a1891fe6655756f97871aef0873d\" data-token-time=\"1777829282\"><noscript class=\"wpforms-error-noscript\">Chcete-li vyplnit tento formul\u00e1\u0159, pros\u00edm povolte v prohl\u00ed\u017ee\u010di JavaScript.<\/noscript><div class=\"wpforms-field-container\"><div id=\"wpforms-833-field_0-container\" class=\"wpforms-field wpforms-field-name\" data-field-id=\"0\"><label class=\"wpforms-field-label\">Jm\u00e9no <span class=\"wpforms-required-label\">*<\/span><\/label><div class=\"wpforms-field-row wpforms-field-medium\"><div class=\"wpforms-field-row-block wpforms-first wpforms-one-half\"><input type=\"text\" id=\"wpforms-833-field_0\" class=\"wpforms-field-name-first wpforms-field-required\" name=\"wpforms[fields][0][first]\" required><label for=\"wpforms-833-field_0\" class=\"wpforms-field-sublabel after\">K\u0159estn\u00ed jm\u00e9no<\/label><\/div><div class=\"wpforms-field-row-block wpforms-one-half\"><input type=\"text\" id=\"wpforms-833-field_0-last\" class=\"wpforms-field-name-last wpforms-field-required\" name=\"wpforms[fields][0][last]\" required><label for=\"wpforms-833-field_0-last\" class=\"wpforms-field-sublabel after\">P\u0159\u00edjmen\u00ed<\/label><\/div><\/div><\/div><div id=\"wpforms-833-field_1-container\" class=\"wpforms-field wpforms-field-email\" data-field-id=\"1\"><label class=\"wpforms-field-label\" for=\"wpforms-833-field_1\">Email <span class=\"wpforms-required-label\">*<\/span><\/label><input type=\"email\" id=\"wpforms-833-field_1\" class=\"wpforms-field-medium wpforms-field-required\" name=\"wpforms[fields][1]\" spellcheck=\"false\" required><\/div><div id=\"wpforms-833-field_3-container\" class=\"wpforms-field wpforms-field-text\" data-field-id=\"3\"><label class=\"wpforms-field-label\" for=\"wpforms-833-field_3\">Telefon<\/label><input type=\"text\" id=\"wpforms-833-field_3\" class=\"wpforms-field-medium\" name=\"wpforms[fields][3]\" ><\/div><div id=\"wpforms-833-field_2-container\" class=\"wpforms-field wpforms-field-textarea\" data-field-id=\"2\"><label class=\"wpforms-field-label\" for=\"wpforms-833-field_2\">V\u00e1\u0161 dotaz \u010di popt\u00e1vka <span class=\"wpforms-required-label\">*<\/span><\/label><textarea id=\"wpforms-833-field_2\" class=\"wpforms-field-medium wpforms-field-required\" name=\"wpforms[fields][2]\" required><\/textarea><\/div><\/div><!-- .wpforms-field-container --><div class=\"wpforms-field wpforms-field-hp\"><label for=\"wpforms-833-field-hp\" class=\"wpforms-field-label\">Website<\/label><input type=\"text\" name=\"wpforms[hp]\" id=\"wpforms-833-field-hp\" class=\"wpforms-field-medium\"><\/div><div class=\"wpforms-recaptcha-container wpforms-is-recaptcha wpforms-is-recaptcha-type-v2\" ><div class=\"g-recaptcha\" data-sitekey=\"6Lf4l_cUAAAAAMpZU5irss1yUI4aLtcwPJN5XYE1\"><\/div><input type=\"text\" name=\"g-recaptcha-hidden\" class=\"wpforms-recaptcha-hidden\" style=\"position:absolute!important;clip:rect(0,0,0,0)!important;height:1px!important;width:1px!important;border:0!important;overflow:hidden!important;padding:0!important;margin:0!important;\" data-rule-recaptcha=\"1\"><\/div><div class=\"wpforms-submit-container\" ><input type=\"hidden\" name=\"wpforms[id]\" value=\"833\"><input type=\"hidden\" name=\"page_title\" value=\"\"><input type=\"hidden\" name=\"page_url\" value=\"https:\/\/www.lesprojekt.cz\/index.php?rest_route=\/wp\/v2\/pages\/1467\"><input type=\"hidden\" name=\"url_referer\" value=\"\"><button type=\"submit\" name=\"wpforms[submit]\" id=\"wpforms-submit-833\" class=\"wpforms-submit\" data-alt-text=\"Odes\u00edl\u00e1ni...\" data-submit-text=\"Odeslat\" aria-live=\"assertive\" value=\"wpforms-submit\">Odeslat<\/button><\/div><\/form><\/div>  <!-- .wpforms-container -->\n\n\n\n<p><br><br><strong>LESPROJEKT-SLU\u017dBY s.r.o.<\/strong><br>Place: Martinov 197, 277 13 Z\u00e1ryby, \u010cesk\u00e1 republika<br>ID: 47537256<br>VAT: CZ47537256<br>File no.: 17499 C, M\u011bstsk\u00fd soud v Praze<br>Data box: 727ia2w<br>Registered bank account: 2101332011\/2010, IBAN: CZ5920100000002001332030<\/p>\n\n\n\n<figure class=\"wp-block-table\"><table><tbody><tr><td>Karel Charv\u00e1t Jr.<\/td><td><a href=\"mailto:charvat_junior@lesprojekt.cz\">charvat_junior@lesprojekt.cz<\/a><\/td><\/tr><tr><td>Karel Charv\u00e1t<\/td><td><a href=\"mailto:charvat@lesprojekt.cz\">charvat@lesprojekt.cz<\/a><\/td><\/tr><tr><td>Zbyn\u011bk K\u0159iv\u00e1nek<\/td><td><a href=\"mailto:krivanek@lesprojekt.cz\">krivanek@lesprojekt.cz<\/a><\/td><\/tr><\/tbody><\/table><\/figure>\n","protected":false},"excerpt":{"rendered":"<p>LESPROJEKT-SLU\u017dBY s.r.o. Martinov 197, 277 13 Z\u00e1ryby, \u010cesk\u00e1 republikaID: 47537256 | VAT ID: CZ47537256 Spisov\u00e1 zna\u010dka: 17499 C, M\u011bstsk\u00fd soud v PrazeDatov\u00e1 schr\u00e1nka: 727ia2w Registrovan\u00e9 bankovn\u00ed \u00fa\u010dty pl\u00e1tce DPH: 2101332011\/2010IBAN: CZ5920100000002001332030 Karel Charv\u00e1t Jr., jednatel charvat_junior@lesprojekt.cz Karel Charv\u00e1t charvat@lesprojekt.cz Zbyn\u011bk K\u0159iv\u00e1nek krivanek@lesprojekt.cz LESPROJEKT-SLU\u017dBY s.r.o.Place: Martinov 197, 277 13 Z\u00e1ryby, \u010cesk\u00e1 republikaID: 47537256VAT: CZ47537256File no.: 17499 [&hellip;]<\/p>\n","protected":false},"author":1,"featured_media":0,"parent":0,"menu_order":100,"comment_status":"closed","ping_status":"closed","template":"","meta":{"footnotes":""},"class_list":["post-1467","page","type-page","status-publish","hentry"],"_links":{"self":[{"href":"https:\/\/www.lesprojekt.cz\/index.php?rest_route=\/wp\/v2\/pages\/1467","targetHints":{"allow":["GET"]}}],"collection":[{"href":"https:\/\/www.lesprojekt.cz\/index.php?rest_route=\/wp\/v2\/pages"}],"about":[{"href":"https:\/\/www.lesprojekt.cz\/index.php?rest_route=\/wp\/v2\/types\/page"}],"author":[{"embeddable":true,"href":"https:\/\/www.lesprojekt.cz\/index.php?rest_route=\/wp\/v2\/users\/1"}],"replies":[{"embeddable":true,"href":"https:\/\/www.lesprojekt.cz\/index.php?rest_route=%2Fwp%2Fv2%2Fcomments&post=1467"}],"version-history":[{"count":1,"href":"https:\/\/www.lesprojekt.cz\/index.php?rest_route=\/wp\/v2\/pages\/1467\/revisions"}],"predecessor-version":[{"id":1468,"href":"https:\/\/www.lesprojekt.cz\/index.php?rest_route=\/wp\/v2\/pages\/1467\/revisions\/1468"}],"wp:attachment":[{"href":"https:\/\/www.lesprojekt.cz\/index.php?rest_route=%2Fwp%2Fv2%2Fmedia&parent=1467"}],"curies":[{"name":"wp","href":"https:\/\/api.w.org\/{rel}","templated":true}]}}