{"id":148,"date":"2017-05-03T13:33:01","date_gmt":"2017-05-03T11:33:01","guid":{"rendered":"http:\/\/www.lesprojekt.cz\/?page_id=148"},"modified":"2023-06-19T15:09:13","modified_gmt":"2023-06-19T13:09:13","slug":"ccss","status":"publish","type":"page","link":"https:\/\/www.lesprojekt.cz\/?page_id=148","title":{"rendered":"CCSS"},"content":{"rendered":"<p><!--:cs--><br \/>\nSdru\u017een\u00ed \u010cesk\u00e9 centrum pro v\u011bdu a spole\u010dnost (CCSS) spolupracuje s \u0159adou instituc\u00ed a jednotlivc\u016f, dom\u00e1c\u00edch i zahrani\u010dn\u00edch. Zam\u011b\u0159uje se na mezin\u00e1rodn\u00ed aktivity v oblasti mezin\u00e1rodn\u00edch v\u00fdzkumn\u00fdch projekt\u016f a vyu\u017eit\u00ed modern\u00edch technologi\u00ed. CCSS podporuje s\u00ed\u0165 spolupr\u00e1ce mal\u00e9ho a st\u0159edn\u00edho podnik\u00e1n\u00ed v r\u00e1mci region\u00e1ln\u00edch ekonomik. CCSS m\u00e1 siln\u00e9 kontakty zejm\u00e9na v Evrop\u011b, Asii, Africe a Ji\u017en\u00ed Americe.<\/p>\n<p>CCSS se zam\u011b\u0159uje na p\u0159enos, anal\u00fdzu a \u0161\u00ed\u0159en\u00ed nejpokro\u010dilej\u0161\u00edch technologi\u00ed, kter\u00e9 p\u0159isp\u00edvaj\u00ed k r\u016fstu produktivity nejen v pr\u016fmyslov\u00fdch podnic\u00edch, ale i v oblasti mal\u00e9ho a st\u0159edn\u00edho podnik\u00e1n\u00ed. CCSS je aktivn\u00ed v zem\u011bd\u011blstv\u00ed, pr\u016fmyslu, obchodu a slu\u017eb\u00e1ch, p\u0159ev\u00e1\u017en\u011b v zem\u011bd\u011blsk\u00fdch oblastech. Prioritou \u010dinnost\u00ed CCSS je ochrana \u017eivotn\u00edho prost\u0159ed\u00ed a krizov\u00e9 \u0159\u00edzen\u00ed. V t\u00e9to oblasti je CCSS aktivn\u00ed v evropsk\u00e9m v\u00fdzkumu.<\/p>\n<p>&#8212; <a href=\"http:\/\/www.ccss.cz\" target=\"_blank\" rel=\"noopener\">www.ccss.cz<\/a><\/p>\n","protected":false},"excerpt":{"rendered":"<p>Sdru\u017een\u00ed \u010cesk\u00e9 centrum pro v\u011bdu a spole\u010dnost (CCSS) spolupracuje s \u0159adou instituc\u00ed a jednotlivc\u016f, dom\u00e1c\u00edch i zahrani\u010dn\u00edch. Zam\u011b\u0159uje se na mezin\u00e1rodn\u00ed aktivity v oblasti mezin\u00e1rodn\u00edch v\u00fdzkumn\u00fdch projekt\u016f a vyu\u017eit\u00ed modern\u00edch technologi\u00ed. CCSS podporuje s\u00ed\u0165 spolupr\u00e1ce mal\u00e9ho a st\u0159edn\u00edho podnik\u00e1n\u00ed v r\u00e1mci region\u00e1ln\u00edch ekonomik. CCSS m\u00e1 siln\u00e9 kontakty zejm\u00e9na v Evrop\u011b, Asii, Africe a Ji\u017en\u00ed Americe. [&hellip;]<\/p>\n","protected":false},"author":1,"featured_media":0,"parent":21,"menu_order":20,"comment_status":"closed","ping_status":"closed","template":"","meta":{"footnotes":""},"class_list":["post-148","page","type-page","status-publish","hentry"],"_links":{"self":[{"href":"https:\/\/www.lesprojekt.cz\/index.php?rest_route=\/wp\/v2\/pages\/148","targetHints":{"allow":["GET"]}}],"collection":[{"href":"https:\/\/www.lesprojekt.cz\/index.php?rest_route=\/wp\/v2\/pages"}],"about":[{"href":"https:\/\/www.lesprojekt.cz\/index.php?rest_route=\/wp\/v2\/types\/page"}],"author":[{"embeddable":true,"href":"https:\/\/www.lesprojekt.cz\/index.php?rest_route=\/wp\/v2\/users\/1"}],"replies":[{"embeddable":true,"href":"https:\/\/www.lesprojekt.cz\/index.php?rest_route=%2Fwp%2Fv2%2Fcomments&post=148"}],"version-history":[{"count":7,"href":"https:\/\/www.lesprojekt.cz\/index.php?rest_route=\/wp\/v2\/pages\/148\/revisions"}],"predecessor-version":[{"id":1463,"href":"https:\/\/www.lesprojekt.cz\/index.php?rest_route=\/wp\/v2\/pages\/148\/revisions\/1463"}],"up":[{"embeddable":true,"href":"https:\/\/www.lesprojekt.cz\/index.php?rest_route=\/wp\/v2\/pages\/21"}],"wp:attachment":[{"href":"https:\/\/www.lesprojekt.cz\/index.php?rest_route=%2Fwp%2Fv2%2Fmedia&parent=148"}],"curies":[{"name":"wp","href":"https:\/\/api.w.org\/{rel}","templated":true}]}}