{"id":15,"date":"2016-11-28T14:34:52","date_gmt":"2016-11-28T13:34:52","guid":{"rendered":"http:\/\/www.lesprojekt.cz\/?page_id=15"},"modified":"2023-06-10T16:08:46","modified_gmt":"2023-06-10T14:08:46","slug":"aktivity","status":"publish","type":"page","link":"https:\/\/www.lesprojekt.cz\/?page_id=15","title":{"rendered":"Aktivity"},"content":{"rendered":"<p><!--:cs--><\/p>\n<p>LESPROJEKT-SLU\u017dBY s.r.o. je mal\u00e1 inovativn\u00ed firma s dlouhodob\u00fdmi zku\u0161enostmi se zav\u00e1d\u011bn\u00edm v\u00fdsledk\u016f v\u00fdzkumu do praxe formou produkt\u016f a slu\u017eeb. Spole\u010dnost LESPROJEKT-SLU\u017dBY s.r.o. m\u00e1 v\u00fdznamnou pozici na trhu ji\u017e v\u00edce ne\u017e 20 let a zam\u011b\u0159uje se p\u0159edev\u0161\u00edm na obchodn\u00ed aktivity v oblasti \u017eivotn\u00edho prost\u0159ed\u00ed, krizov\u00e9ho \u0159\u00edzen\u00ed, lesnictv\u00ed, zem\u011bd\u011blstv\u00ed a dopravy. V\u00fdsledky z p\u0159edchoz\u00edch v\u00fdzkumn\u00fdch aktivit jsou nab\u00edzeny p\u0159edev\u0161\u00edm ve form\u011b slu\u017eeb &#8211; nap\u0159. SaaS (software jako slu\u017eba), PaaS (platforma jako slu\u017eba) a IaaS (infrastruktura jako slu\u017eba).<br \/>\nAktivity spole\u010dnosti jsou zam\u011b\u0159eny p\u0159edev\u0161\u00edm na: anal\u00fdzu geoprostorov\u00fdch dat, n\u00e1stroje pro sb\u011br dat ze senzor\u016f pomoc\u00ed tzv. mobiln\u00edch jednotek, integraci senzorov\u00fdch dat do infrastruktury prostorov\u00fdch dat (SDI) s vyu\u017eit\u00edm norem Sensor Web Enablement (OGC SWE). V sou\u010dasn\u00e9 dob\u011b se Lesprojekt slu\u017eby zam\u011b\u0159uje na integraci dat z pozorov\u00e1n\u00ed Zem\u011b, tvorbou a zpracov\u00e1n\u00ed dat z bezdr\u00e1tov\u00fdch senzorov\u00fdch s\u00edt\u00ed zalo\u017een\u00fdch na technologii FIWARE a technologi\u00edch projektu FOODIE s infrastrukturou prostorov\u00fdch dat (SDI). Pro projekt \u201cExploratory Visualization for Agriculture\u201d jsou d\u016fle\u017eit\u00e9 zku\u0161enosti spole\u010dnosti Lesprojekt slu\u017eby z projektu LearnSens, kter\u00fd se zab\u00fdval anal\u00fdzou datov\u00fdch proud\u016f a tak\u00e9 z projektu Farm Telemetry.<\/p>\n<ul>Lesprojekt slu\u017eby poskytuje komplexn\u00ed slu\u017eby v n\u00e1sleduj\u00edc\u00edch oblastech:<\/p>\n<li>informa\u010dn\u00ed technologie,<\/li>\n<li>internet \/ intranet,<\/li>\n<li>geografick\u00e9 informa\u010dn\u00ed syst\u00e9my (GIS),<\/li>\n<li>d\u00e1lkov\u00fd pr\u016fzkum Zem\u011b a zpracov\u00e1n\u00ed digit\u00e1ln\u00edho obrazu.<\/li>\n<\/ul>\n<p>Hlavn\u00ed aktivity spole\u010dnosti maj\u00ed t\u011b\u017ei\u0161t\u011b v oblasti sb\u011bru a spr\u00e1vy dat s d\u016frazem na prostorov\u00e1 data, a tak\u00e9 v n\u00e1vrhu, v\u00fdvoji a nasazen\u00ed geografick\u00fdch informa\u010dn\u00edch syst\u00e9m\u016f (GIS).<\/p>\n<p><!--:--><\/p>\n<p><!--:en--><br \/>\nLESPROJEKT-SLU\u017dBY Ltd, as a small innovative firm, has vast experience in applying research results in practice. A long-term focus of LESPROJEKT-SLU\u017dBY Ltd is on commercialization of research results as products and services. LESPROJEKT-SLU\u017dBY Ltd plays a crucial role in the market for more than 20 years and focuses mainly on commercial activities in environment, crisis management, forestry, agriculture and transport. The results from previous research activities are offered mainly as services, e.g. SaaS (Software as a Services), PaaS (Platform as a Service) a IaaS (Infrastructure as a Service).<\/p>\n<p>The work in this area is in next directions: Analysis of geospatial data, tools for data collection from sensors using so called mobile unit, Integration of collected data with SDI using Sensor Web Enablement principles. Currently Lesprojekt sluzby is working on integration of Earth Observation, Wireless Sensor Network based on FIWARE and FOODIE technologies with Spatial Data Infrastructure. For the Exploratory Visualization for Agriculture project are important experiences of Lesprojekt sluzby from LernSens project analysing streaming data and from Farm Telemetry projects.<\/p>\n<ul>Lesprojekt provides complex services in following areas:<\/p>\n<li>Information technology,<\/li>\n<li>Internet\/Intranet,<\/li>\n<li>Geographical information systems (GIS),<\/li>\n<li>Remote sensing and image processing.<\/li>\n<\/ul>\n<p>Main activities of organisation range from data capture and management to design, development and deployment of geographical information systems (GIS).<\/p>\n<p><!--:--><\/p>\n","protected":false},"excerpt":{"rendered":"<p>LESPROJEKT-SLU\u017dBY s.r.o. je mal\u00e1 inovativn\u00ed firma s dlouhodob\u00fdmi zku\u0161enostmi se zav\u00e1d\u011bn\u00edm v\u00fdsledk\u016f v\u00fdzkumu do praxe formou produkt\u016f a slu\u017eeb. Spole\u010dnost LESPROJEKT-SLU\u017dBY s.r.o. m\u00e1 v\u00fdznamnou pozici na trhu ji\u017e v\u00edce ne\u017e 20 let a zam\u011b\u0159uje se p\u0159edev\u0161\u00edm na obchodn\u00ed aktivity v oblasti \u017eivotn\u00edho prost\u0159ed\u00ed, krizov\u00e9ho \u0159\u00edzen\u00ed, lesnictv\u00ed, zem\u011bd\u011blstv\u00ed a dopravy. V\u00fdsledky z p\u0159edchoz\u00edch v\u00fdzkumn\u00fdch aktivit jsou [&hellip;]<\/p>\n","protected":false},"author":1,"featured_media":0,"parent":0,"menu_order":0,"comment_status":"closed","ping_status":"closed","template":"","meta":{"footnotes":""},"class_list":["post-15","page","type-page","status-publish","hentry"],"_links":{"self":[{"href":"https:\/\/www.lesprojekt.cz\/index.php?rest_route=\/wp\/v2\/pages\/15","targetHints":{"allow":["GET"]}}],"collection":[{"href":"https:\/\/www.lesprojekt.cz\/index.php?rest_route=\/wp\/v2\/pages"}],"about":[{"href":"https:\/\/www.lesprojekt.cz\/index.php?rest_route=\/wp\/v2\/types\/page"}],"author":[{"embeddable":true,"href":"https:\/\/www.lesprojekt.cz\/index.php?rest_route=\/wp\/v2\/users\/1"}],"replies":[{"embeddable":true,"href":"https:\/\/www.lesprojekt.cz\/index.php?rest_route=%2Fwp%2Fv2%2Fcomments&post=15"}],"version-history":[{"count":12,"href":"https:\/\/www.lesprojekt.cz\/index.php?rest_route=\/wp\/v2\/pages\/15\/revisions"}],"predecessor-version":[{"id":1353,"href":"https:\/\/www.lesprojekt.cz\/index.php?rest_route=\/wp\/v2\/pages\/15\/revisions\/1353"}],"wp:attachment":[{"href":"https:\/\/www.lesprojekt.cz\/index.php?rest_route=%2Fwp%2Fv2%2Fmedia&parent=15"}],"curies":[{"name":"wp","href":"https:\/\/api.w.org\/{rel}","templated":true}]}}