{"id":150,"date":"2017-05-03T13:33:33","date_gmt":"2017-05-03T11:33:33","guid":{"rendered":"http:\/\/www.lesprojekt.cz\/?page_id=150"},"modified":"2023-06-19T15:10:06","modified_gmt":"2023-06-19T13:10:06","slug":"hsrs","status":"publish","type":"page","link":"https:\/\/www.lesprojekt.cz\/?page_id=150","title":{"rendered":"HSRS"},"content":{"rendered":"<p><!--:cs--><br \/>\n<strong>Help Service Remote Sensing (HSRS)<\/strong> je \u010desk\u00fd SME (mal\u00fd a st\u0159edn\u00ed podnik), kter\u00fd se v\u00edce ne\u017e 20 let pod\u00edl\u00ed na trhu prostorov\u00fdch a evropsk\u00fdch prostorov\u00fdch dat. HSRS nab\u00edz\u00ed \u0161irokou \u0161k\u00e1lu slu\u017eeb zab\u00fdvaj\u00edc\u00edch se tvorbou geoinforma\u010dn\u00edch syst\u00e9m\u016f, produkt\u016f SDI (Spatial Data Infrastructure) a prostorov\u00fdch aplikac\u00ed.<\/p>\n<p>&#8212; <a href=\"http:\/\/www.bnhelp.cz\" target=\"_blank\" rel=\"noopener\">www.bnhelp.cz<\/a><br \/>\n<!--:--><\/p>\n","protected":false},"excerpt":{"rendered":"<p>Help Service Remote Sensing (HSRS) je \u010desk\u00fd SME (mal\u00fd a st\u0159edn\u00ed podnik), kter\u00fd se v\u00edce ne\u017e 20 let pod\u00edl\u00ed na trhu prostorov\u00fdch a evropsk\u00fdch prostorov\u00fdch dat. HSRS nab\u00edz\u00ed \u0161irokou \u0161k\u00e1lu slu\u017eeb zab\u00fdvaj\u00edc\u00edch se tvorbou geoinforma\u010dn\u00edch syst\u00e9m\u016f, produkt\u016f SDI (Spatial Data Infrastructure) a prostorov\u00fdch aplikac\u00ed. &#8212; www.bnhelp.cz<\/p>\n","protected":false},"author":1,"featured_media":0,"parent":21,"menu_order":25,"comment_status":"closed","ping_status":"closed","template":"","meta":{"footnotes":""},"class_list":["post-150","page","type-page","status-publish","hentry"],"_links":{"self":[{"href":"https:\/\/www.lesprojekt.cz\/index.php?rest_route=\/wp\/v2\/pages\/150","targetHints":{"allow":["GET"]}}],"collection":[{"href":"https:\/\/www.lesprojekt.cz\/index.php?rest_route=\/wp\/v2\/pages"}],"about":[{"href":"https:\/\/www.lesprojekt.cz\/index.php?rest_route=\/wp\/v2\/types\/page"}],"author":[{"embeddable":true,"href":"https:\/\/www.lesprojekt.cz\/index.php?rest_route=\/wp\/v2\/users\/1"}],"replies":[{"embeddable":true,"href":"https:\/\/www.lesprojekt.cz\/index.php?rest_route=%2Fwp%2Fv2%2Fcomments&post=150"}],"version-history":[{"count":5,"href":"https:\/\/www.lesprojekt.cz\/index.php?rest_route=\/wp\/v2\/pages\/150\/revisions"}],"predecessor-version":[{"id":1466,"href":"https:\/\/www.lesprojekt.cz\/index.php?rest_route=\/wp\/v2\/pages\/150\/revisions\/1466"}],"up":[{"embeddable":true,"href":"https:\/\/www.lesprojekt.cz\/index.php?rest_route=\/wp\/v2\/pages\/21"}],"wp:attachment":[{"href":"https:\/\/www.lesprojekt.cz\/index.php?rest_route=%2Fwp%2Fv2%2Fmedia&parent=150"}],"curies":[{"name":"wp","href":"https:\/\/api.w.org\/{rel}","templated":true}]}}