{"id":152,"date":"2017-05-03T13:53:29","date_gmt":"2017-05-03T11:53:29","guid":{"rendered":"http:\/\/www.lesprojekt.cz\/?page_id=152"},"modified":"2023-06-19T14:35:31","modified_gmt":"2023-06-19T12:35:31","slug":"senslog","status":"publish","type":"page","link":"https:\/\/www.lesprojekt.cz\/?page_id=152","title":{"rendered":"SensLog"},"content":{"rendered":"<p><!--:cs--><br \/>\nAplikace SensLog je serverov\u00e1 aplikace pro spr\u00e1vu senzorov\u00fdch dat s webov\u00fdm rozhran\u00edm. SensLog je \u0159e\u0161en\u00ed vhodn\u00e9 jak pro statick\u00fd in-situ monitoring r\u016fzn\u00fdch jev\u016f (meteo stanice) tak i pro senzory um\u00edst\u011bn\u00e9 na mobiln\u00edm nosi\u010di (nap\u0159. sledov\u00e1n\u00ed stroj\u016f).<\/p>\n<ul>\n<li style=\"list-style-type: none;\">\n<ul>Aplikace SensLog prov\u00e1d\u00ed n\u00e1sleduj\u00edc\u00ed kroky:<\/ul>\n<\/li>\n<\/ul>\n<ul>\n<li>p\u0159ij\u00edm\u00e1 m\u011b\u0159en\u00e1 data bu\u010f p\u0159\u00edmo ze senzorov\u00e9ho za\u0159\u00edzen\u00ed, nebo nep\u0159\u00edmo z jak\u00fdchkoli zprost\u0159edkuj\u00edc\u00edch prvk\u016f,<\/li>\n<li>ukl\u00e1d\u00e1 p\u0159ijat\u00e1 data do datov\u00e9ho modelu implementovan\u00e9ho v objektov\u011b-rela\u010dn\u00ed datab\u00e1zi s prostorov\u00fd, roz\u0161\u00ed\u0159en\u00edm,<\/li>\n<li>p\u0159ed-zpracov\u00e1v\u00e1 p\u0159ijat\u00e1 data pro dal\u0161\u00ed rychlej\u0161\u00ed vyhled\u00e1v\u00e1n\u00ed a anal\u00fdzy,<\/li>\n<li>publikuje ulo\u017een\u00e1 data p\u0159es syst\u00e9m webov\u00fdch slu\u017eeb vizualiza\u010dn\u00edm aplikac\u00edm nebo jin\u00fdm u\u017eivatelsk\u00fdch aplikac\u00edm.<\/li>\n<\/ul>\n<p>SensLog pou\u017e\u00edv\u00e1 ve webov\u00fdch slu\u017eb\u00e1ch form\u00e1ty JSON, GeoJSON, XML, CSV apod. Z\u00e1rove\u0148 obsahuje rozhran\u00ed pro senzorov\u00e9 data podle normy OGC SOS verze 1.0.<br \/>\nV\u00edce informac\u00ed lze nal\u00e9zt na samostatn\u00fdch str\u00e1nk\u00e1ch aplikace<br \/>\n&#8212; <a href=\"http:\/\/www.senslog.org\" target=\"_blank\" rel=\"noopener\">www.senslog.org<\/a><!--:--><\/p>\n","protected":false},"excerpt":{"rendered":"<p>Aplikace SensLog je serverov\u00e1 aplikace pro spr\u00e1vu senzorov\u00fdch dat s webov\u00fdm rozhran\u00edm. SensLog je \u0159e\u0161en\u00ed vhodn\u00e9 jak pro statick\u00fd in-situ monitoring r\u016fzn\u00fdch jev\u016f (meteo stanice) tak i pro senzory um\u00edst\u011bn\u00e9 na mobiln\u00edm nosi\u010di (nap\u0159. sledov\u00e1n\u00ed stroj\u016f). Aplikace SensLog prov\u00e1d\u00ed n\u00e1sleduj\u00edc\u00ed kroky: p\u0159ij\u00edm\u00e1 m\u011b\u0159en\u00e1 data bu\u010f p\u0159\u00edmo ze senzorov\u00e9ho za\u0159\u00edzen\u00ed, nebo nep\u0159\u00edmo z jak\u00fdchkoli zprost\u0159edkuj\u00edc\u00edch prvk\u016f, [&hellip;]<\/p>\n","protected":false},"author":1,"featured_media":0,"parent":17,"menu_order":5,"comment_status":"closed","ping_status":"closed","template":"","meta":{"footnotes":""},"class_list":["post-152","page","type-page","status-publish","hentry"],"_links":{"self":[{"href":"https:\/\/www.lesprojekt.cz\/index.php?rest_route=\/wp\/v2\/pages\/152","targetHints":{"allow":["GET"]}}],"collection":[{"href":"https:\/\/www.lesprojekt.cz\/index.php?rest_route=\/wp\/v2\/pages"}],"about":[{"href":"https:\/\/www.lesprojekt.cz\/index.php?rest_route=\/wp\/v2\/types\/page"}],"author":[{"embeddable":true,"href":"https:\/\/www.lesprojekt.cz\/index.php?rest_route=\/wp\/v2\/users\/1"}],"replies":[{"embeddable":true,"href":"https:\/\/www.lesprojekt.cz\/index.php?rest_route=%2Fwp%2Fv2%2Fcomments&post=152"}],"version-history":[{"count":7,"href":"https:\/\/www.lesprojekt.cz\/index.php?rest_route=\/wp\/v2\/pages\/152\/revisions"}],"predecessor-version":[{"id":1377,"href":"https:\/\/www.lesprojekt.cz\/index.php?rest_route=\/wp\/v2\/pages\/152\/revisions\/1377"}],"up":[{"embeddable":true,"href":"https:\/\/www.lesprojekt.cz\/index.php?rest_route=\/wp\/v2\/pages\/17"}],"wp:attachment":[{"href":"https:\/\/www.lesprojekt.cz\/index.php?rest_route=%2Fwp%2Fv2%2Fmedia&parent=152"}],"curies":[{"name":"wp","href":"https:\/\/api.w.org\/{rel}","templated":true}]}}