{"id":154,"date":"2017-05-03T13:54:00","date_gmt":"2017-05-03T11:54:00","guid":{"rendered":"http:\/\/www.lesprojekt.cz\/?page_id=154"},"modified":"2023-06-19T14:38:23","modified_gmt":"2023-06-19T12:38:23","slug":"farmtelemetry","status":"publish","type":"page","link":"https:\/\/www.lesprojekt.cz\/?page_id=154","title":{"rendered":"FarmTelemetrie"},"content":{"rendered":"<p><!--:cs--><br \/>\nFarmTelemetrie spo\u010d\u00edv\u00e1 v poskytov\u00e1n\u00ed syst\u00e9mu ke zlep\u0161en\u00ed efektivity farem optimalizac\u00ed \u00farovn\u011b zem\u011bd\u011blsk\u00fdch vstup\u016f, jako je energie pot\u0159ebn\u00e1 pro pohon zem\u011bd\u011blsk\u00fdch stroj\u016f na pol\u00edch, energie pro dopravu vstup\u016f a v\u00fdstup\u016f v\u00fdroby.<\/p>\n<p>C\u00edlem je zn\u00e1t energetickou spot\u0159ebu plodin na jednotliv\u00fdch pol\u00edch v\u00fdpo\u010dtem energetick\u00e9ho potenci\u00e1lu konkr\u00e9tn\u00edch plodin na konkr\u00e9tn\u00edch pol\u00edch.<\/p>\n<p><span style=\"color: initial;\">Toto se uskute\u010d\u0148uje prost\u0159ednictv\u00edm:<\/span><\/p>\n<ul>\n<li>Sledov\u00e1n\u00ed vozov\u00e9ho parku v re\u00e1ln\u00e9m \u010dase.<\/li>\n<li>Hodnocen\u00ed ekonomick\u00e9 efektivnosti o\u0161et\u0159en\u00ed nakl\u00e1d\u00e1n\u00ed s obilovinami v pol\u00edch.<\/li>\n<li>Vyhodnocov\u00e1n\u00ed strojn\u00edch za\u0159\u00edzen\u00ed proch\u00e1z\u00ed p\u016fdn\u00edm prost\u0159ed\u00edm. Jedn\u00e1 se o podrobnou anal\u00fdzu trajektori\u00ed traktor\u016f v pol\u00edch s ohledem na podm\u00ednky specifick\u00e9 pro danou lokalitu.<\/li>\n<\/ul>\n<p><!--:--><\/p>\n","protected":false},"excerpt":{"rendered":"<p>FarmTelemetrie spo\u010d\u00edv\u00e1 v poskytov\u00e1n\u00ed syst\u00e9mu ke zlep\u0161en\u00ed efektivity farem optimalizac\u00ed \u00farovn\u011b zem\u011bd\u011blsk\u00fdch vstup\u016f, jako je energie pot\u0159ebn\u00e1 pro pohon zem\u011bd\u011blsk\u00fdch stroj\u016f na pol\u00edch, energie pro dopravu vstup\u016f a v\u00fdstup\u016f v\u00fdroby. C\u00edlem je zn\u00e1t energetickou spot\u0159ebu plodin na jednotliv\u00fdch pol\u00edch v\u00fdpo\u010dtem energetick\u00e9ho potenci\u00e1lu konkr\u00e9tn\u00edch plodin na konkr\u00e9tn\u00edch pol\u00edch. Toto se uskute\u010d\u0148uje prost\u0159ednictv\u00edm: Sledov\u00e1n\u00ed vozov\u00e9ho parku v [&hellip;]<\/p>\n","protected":false},"author":1,"featured_media":0,"parent":17,"menu_order":10,"comment_status":"closed","ping_status":"closed","template":"","meta":{"footnotes":""},"class_list":["post-154","page","type-page","status-publish","hentry"],"_links":{"self":[{"href":"https:\/\/www.lesprojekt.cz\/index.php?rest_route=\/wp\/v2\/pages\/154","targetHints":{"allow":["GET"]}}],"collection":[{"href":"https:\/\/www.lesprojekt.cz\/index.php?rest_route=\/wp\/v2\/pages"}],"about":[{"href":"https:\/\/www.lesprojekt.cz\/index.php?rest_route=\/wp\/v2\/types\/page"}],"author":[{"embeddable":true,"href":"https:\/\/www.lesprojekt.cz\/index.php?rest_route=\/wp\/v2\/users\/1"}],"replies":[{"embeddable":true,"href":"https:\/\/www.lesprojekt.cz\/index.php?rest_route=%2Fwp%2Fv2%2Fcomments&post=154"}],"version-history":[{"count":10,"href":"https:\/\/www.lesprojekt.cz\/index.php?rest_route=\/wp\/v2\/pages\/154\/revisions"}],"predecessor-version":[{"id":1385,"href":"https:\/\/www.lesprojekt.cz\/index.php?rest_route=\/wp\/v2\/pages\/154\/revisions\/1385"}],"up":[{"embeddable":true,"href":"https:\/\/www.lesprojekt.cz\/index.php?rest_route=\/wp\/v2\/pages\/17"}],"wp:attachment":[{"href":"https:\/\/www.lesprojekt.cz\/index.php?rest_route=%2Fwp%2Fv2%2Fmedia&parent=154"}],"curies":[{"name":"wp","href":"https:\/\/api.w.org\/{rel}","templated":true}]}}