{"id":156,"date":"2017-05-03T13:54:30","date_gmt":"2017-05-03T11:54:30","guid":{"rendered":"http:\/\/www.lesprojekt.cz\/?page_id=156"},"modified":"2023-06-19T14:40:03","modified_gmt":"2023-06-19T12:40:03","slug":"hslayers-ng","status":"publish","type":"page","link":"https:\/\/www.lesprojekt.cz\/?page_id=156","title":{"rendered":"HSlayers NG"},"content":{"rendered":"<p><!--:cs--><br \/>\nHSlayers NG je webov\u00e1 mapovac\u00ed knihovna napsan\u00e1 v jazyce Javascript. Roz\u0161i\u0159uje funkcionalitu OpenLayers 6 a p\u0159eb\u00edr\u00e1 z\u00e1kladn\u00ed n\u00e1pady z p\u0159edchoz\u00ed knihovny HSlayers, ale na rozhran\u00ed frontend pou\u017e\u00edv\u00e1 modern\u00ed r\u00e1mce JS a poskytuje lep\u0161\u00ed p\u0159izp\u016fsobivost. Proto je ke sv\u00e9mu n\u00e1zvu p\u0159id\u00e1no NG (&#8222;Nov\u00e1 generace&#8220;). Je st\u00e1le ve v\u00fdvoji a slou\u017e\u00ed jako open source. Moduly HSLayers jsou konstruov\u00e1ny modul\u00e1rn\u00edm zp\u016fsobem, kter\u00fd umo\u017e\u0148uje, aby byly moduly voln\u011b p\u0159ipevn\u011bny a odstran\u011bny tak, aby byly spln\u011bny v\u0161echny z\u00e1vislosti. Kontrola z\u00e1vislost\u00ed se prov\u00e1d\u00ed automaticky.<\/p>\n<p>J\u00e1dro r\u00e1mce je vytvo\u0159eno pomoc\u00ed funkc\u00ed AngularJS, requireJS a Bootstrap. Tato kombinace r\u00e1mc\u016f byla vybr\u00e1na p\u0159edev\u0161\u00edm pro poskytov\u00e1n\u00ed rychl\u00e9ho a \u0161k\u00e1lovateln\u00e9ho v\u00fdvoje a pro poskytov\u00e1n\u00ed modern\u00edho a citliv\u00e9ho rozvr\u017een\u00ed aplikace.<\/p>\n<p>&#8212; <a href=\"http:\/\/ng.hslayers.org\" target=\"_blank\" rel=\"noopener noreferrer\">ng.hslayers.org<\/a><\/p>\n","protected":false},"excerpt":{"rendered":"<p>HSlayers NG je webov\u00e1 mapovac\u00ed knihovna napsan\u00e1 v jazyce Javascript. Roz\u0161i\u0159uje funkcionalitu OpenLayers 6 a p\u0159eb\u00edr\u00e1 z\u00e1kladn\u00ed n\u00e1pady z p\u0159edchoz\u00ed knihovny HSlayers, ale na rozhran\u00ed frontend pou\u017e\u00edv\u00e1 modern\u00ed r\u00e1mce JS a poskytuje lep\u0161\u00ed p\u0159izp\u016fsobivost. Proto je ke sv\u00e9mu n\u00e1zvu p\u0159id\u00e1no NG (&#8222;Nov\u00e1 generace&#8220;). Je st\u00e1le ve v\u00fdvoji a slou\u017e\u00ed jako open source. Moduly HSLayers jsou [&hellip;]<\/p>\n","protected":false},"author":1,"featured_media":0,"parent":17,"menu_order":15,"comment_status":"closed","ping_status":"closed","template":"","meta":{"footnotes":""},"class_list":["post-156","page","type-page","status-publish","hentry"],"_links":{"self":[{"href":"https:\/\/www.lesprojekt.cz\/index.php?rest_route=\/wp\/v2\/pages\/156","targetHints":{"allow":["GET"]}}],"collection":[{"href":"https:\/\/www.lesprojekt.cz\/index.php?rest_route=\/wp\/v2\/pages"}],"about":[{"href":"https:\/\/www.lesprojekt.cz\/index.php?rest_route=\/wp\/v2\/types\/page"}],"author":[{"embeddable":true,"href":"https:\/\/www.lesprojekt.cz\/index.php?rest_route=\/wp\/v2\/users\/1"}],"replies":[{"embeddable":true,"href":"https:\/\/www.lesprojekt.cz\/index.php?rest_route=%2Fwp%2Fv2%2Fcomments&post=156"}],"version-history":[{"count":6,"href":"https:\/\/www.lesprojekt.cz\/index.php?rest_route=\/wp\/v2\/pages\/156\/revisions"}],"predecessor-version":[{"id":1389,"href":"https:\/\/www.lesprojekt.cz\/index.php?rest_route=\/wp\/v2\/pages\/156\/revisions\/1389"}],"up":[{"embeddable":true,"href":"https:\/\/www.lesprojekt.cz\/index.php?rest_route=\/wp\/v2\/pages\/17"}],"wp:attachment":[{"href":"https:\/\/www.lesprojekt.cz\/index.php?rest_route=%2Fwp%2Fv2%2Fmedia&parent=156"}],"curies":[{"name":"wp","href":"https:\/\/api.w.org\/{rel}","templated":true}]}}