{"id":17,"date":"2016-11-28T14:35:26","date_gmt":"2016-11-28T13:35:26","guid":{"rendered":"http:\/\/www.lesprojekt.cz\/?page_id=17"},"modified":"2023-06-19T14:28:05","modified_gmt":"2023-06-19T12:28:05","slug":"nase-aplikace","status":"publish","type":"page","link":"https:\/\/www.lesprojekt.cz\/?page_id=17","title":{"rendered":"Aplikace"},"content":{"rendered":"<p><!--:cs--><br \/>\nLesprojekt slu\u017eby vyv\u00edj\u00ed vlastn\u00ed aplikace v oblastech jako je precizn\u00ed zem\u011bd\u011blstv\u00ed, telemetrie zem\u011bd\u011blsk\u00fdch stroj\u016f a udr\u017eiteln\u00e9 zem\u011bd\u011blstv\u00ed. V tomto v\u00fdvoji spole\u010dnost z\u00faro\u010duje zku\u0161enosti a v\u00fdsledky z p\u0159edchoz\u00edch projekt\u016f. Propojen\u00ed p\u0159edn\u00edch v\u00fdzkumn\u00edk\u016f s experty z praxe otv\u00edr\u00e1n\u00ed mo\u017enosti pro v\u00fdvoj zcela nov\u00fdch \u0159e\u0161en\u00ed s potenci\u00e1lem rychl\u00e9ho r\u016fstu na trhu.<\/p>\n<p>Lesprojekt slu\u017eby m\u00e1 vlastn\u00ed malou cloudovou infrastrukturu pro podporu r\u016fznorod\u00fdch typ\u016f zem\u011bd\u011blsk\u00fdch aplikac\u00ed pro spole\u010dnosti jako jsou MJM, WirelessInfo a dal\u0161\u00ed organizace. Softwarov\u00e1 z\u00e1kladna spole\u010dnosti Lesprojekt je zalo\u017eena na komponent\u00e1ch s voln\u00fdm a\/nebo otev\u0159en\u00fdm zdrojov\u00fdm k\u00f3dem (free and open-source) a zahrnuje aplikace jako je UMN MapServer, GeoServer, Micka, CKAN, Layman, SensLog, MapLog nebo knihovna HSLayers.<br \/>\n<!--:--><\/p>\n","protected":false},"excerpt":{"rendered":"<p>Lesprojekt slu\u017eby vyv\u00edj\u00ed vlastn\u00ed aplikace v oblastech jako je precizn\u00ed zem\u011bd\u011blstv\u00ed, telemetrie zem\u011bd\u011blsk\u00fdch stroj\u016f a udr\u017eiteln\u00e9 zem\u011bd\u011blstv\u00ed. V tomto v\u00fdvoji spole\u010dnost z\u00faro\u010duje zku\u0161enosti a v\u00fdsledky z p\u0159edchoz\u00edch projekt\u016f. Propojen\u00ed p\u0159edn\u00edch v\u00fdzkumn\u00edk\u016f s experty z praxe otv\u00edr\u00e1n\u00ed mo\u017enosti pro v\u00fdvoj zcela nov\u00fdch \u0159e\u0161en\u00ed s potenci\u00e1lem rychl\u00e9ho r\u016fstu na trhu. Lesprojekt slu\u017eby m\u00e1 vlastn\u00ed malou cloudovou infrastrukturu [&hellip;]<\/p>\n","protected":false},"author":1,"featured_media":0,"parent":0,"menu_order":0,"comment_status":"closed","ping_status":"closed","template":"","meta":{"footnotes":""},"class_list":["post-17","page","type-page","status-publish","hentry"],"_links":{"self":[{"href":"https:\/\/www.lesprojekt.cz\/index.php?rest_route=\/wp\/v2\/pages\/17","targetHints":{"allow":["GET"]}}],"collection":[{"href":"https:\/\/www.lesprojekt.cz\/index.php?rest_route=\/wp\/v2\/pages"}],"about":[{"href":"https:\/\/www.lesprojekt.cz\/index.php?rest_route=\/wp\/v2\/types\/page"}],"author":[{"embeddable":true,"href":"https:\/\/www.lesprojekt.cz\/index.php?rest_route=\/wp\/v2\/users\/1"}],"replies":[{"embeddable":true,"href":"https:\/\/www.lesprojekt.cz\/index.php?rest_route=%2Fwp%2Fv2%2Fcomments&post=17"}],"version-history":[{"count":6,"href":"https:\/\/www.lesprojekt.cz\/index.php?rest_route=\/wp\/v2\/pages\/17\/revisions"}],"predecessor-version":[{"id":1361,"href":"https:\/\/www.lesprojekt.cz\/index.php?rest_route=\/wp\/v2\/pages\/17\/revisions\/1361"}],"wp:attachment":[{"href":"https:\/\/www.lesprojekt.cz\/index.php?rest_route=%2Fwp%2Fv2%2Fmedia&parent=17"}],"curies":[{"name":"wp","href":"https:\/\/api.w.org\/{rel}","templated":true}]}}