{"id":21,"date":"2016-11-28T14:36:37","date_gmt":"2016-11-28T13:36:37","guid":{"rendered":"http:\/\/www.lesprojekt.cz\/?page_id=21"},"modified":"2023-06-19T14:33:00","modified_gmt":"2023-06-19T12:33:00","slug":"partneri","status":"publish","type":"page","link":"https:\/\/www.lesprojekt.cz\/?page_id=21","title":{"rendered":"Spolupr\u00e1ce"},"content":{"rendered":"<p><!--:cs--><br \/>\n<strong>Lesprojekt slu\u017eby<\/strong> dlouhodob\u011b spolupracuje s experty z partnersk\u00fdch organizac\u00ed, jako jsou spole\u010dnosti CCSS, WirelessInfo, HSRS a Plan4all, a tak\u00e9 ze soukrom\u00fdch firem &#8211; ZETOR TRACTORS a.s. P\u0159i \u0159e\u0161en\u00ed v\u00fdzkumn\u00fdch evropsk\u00fdch projekt\u016f d\u00e1le vyu\u017e\u00edv\u00e1 zku\u0161enost\u00ed a spolupr\u00e1ce v\u011bdeck\u00fdch pracovn\u00edk\u016f a postgradu\u00e1ln\u00edch student\u016f z Mendelovy a Masarykovy univerzity v Brn\u011b, z \u010cesk\u00e9ho vysok\u00e9ho u\u010den\u00ed technick\u00e9ho a \u010cesk\u00e9 zem\u011bd\u011blsk\u00e9 univerzity v Praze a tak\u00e9 Z\u00e1pado\u010desk\u00e9 univerzity v Plzni.<\/p>\n<p>Lesprojekt slu\u017eby je partnerem ve spole\u010dnosti GODAN, kter\u00e1 je rychle rostouc\u00ed s\u00edt\u00ed v\u00edce ne\u017e 510 partner\u016f z vl\u00e1dn\u00edch, mezin\u00e1rodn\u00edch a soukrom\u00fdch organizac\u00ed, kter\u00e9 se zav\u00e1zaly k tomu, aby \u00fadaje t\u00fdkaj\u00edc\u00ed se zem\u011bd\u011blstv\u00ed a v\u00fd\u017eivy byly k dispozici, p\u0159\u00edstupn\u00e9 a pou\u017eiteln\u00e9 po cel\u00e9m sv\u011bt\u011b.<\/p>\n","protected":false},"excerpt":{"rendered":"<p>Lesprojekt slu\u017eby dlouhodob\u011b spolupracuje s experty z partnersk\u00fdch organizac\u00ed, jako jsou spole\u010dnosti CCSS, WirelessInfo, HSRS a Plan4all, a tak\u00e9 ze soukrom\u00fdch firem &#8211; ZETOR TRACTORS a.s. P\u0159i \u0159e\u0161en\u00ed v\u00fdzkumn\u00fdch evropsk\u00fdch projekt\u016f d\u00e1le vyu\u017e\u00edv\u00e1 zku\u0161enost\u00ed a spolupr\u00e1ce v\u011bdeck\u00fdch pracovn\u00edk\u016f a postgradu\u00e1ln\u00edch student\u016f z Mendelovy a Masarykovy univerzity v Brn\u011b, z \u010cesk\u00e9ho vysok\u00e9ho u\u010den\u00ed technick\u00e9ho a \u010cesk\u00e9 [&hellip;]<\/p>\n","protected":false},"author":1,"featured_media":0,"parent":0,"menu_order":0,"comment_status":"closed","ping_status":"closed","template":"","meta":{"footnotes":""},"class_list":["post-21","page","type-page","status-publish","hentry"],"_links":{"self":[{"href":"https:\/\/www.lesprojekt.cz\/index.php?rest_route=\/wp\/v2\/pages\/21","targetHints":{"allow":["GET"]}}],"collection":[{"href":"https:\/\/www.lesprojekt.cz\/index.php?rest_route=\/wp\/v2\/pages"}],"about":[{"href":"https:\/\/www.lesprojekt.cz\/index.php?rest_route=\/wp\/v2\/types\/page"}],"author":[{"embeddable":true,"href":"https:\/\/www.lesprojekt.cz\/index.php?rest_route=\/wp\/v2\/users\/1"}],"replies":[{"embeddable":true,"href":"https:\/\/www.lesprojekt.cz\/index.php?rest_route=%2Fwp%2Fv2%2Fcomments&post=21"}],"version-history":[{"count":11,"href":"https:\/\/www.lesprojekt.cz\/index.php?rest_route=\/wp\/v2\/pages\/21\/revisions"}],"predecessor-version":[{"id":1371,"href":"https:\/\/www.lesprojekt.cz\/index.php?rest_route=\/wp\/v2\/pages\/21\/revisions\/1371"}],"wp:attachment":[{"href":"https:\/\/www.lesprojekt.cz\/index.php?rest_route=%2Fwp%2Fv2%2Fmedia&parent=21"}],"curies":[{"name":"wp","href":"https:\/\/api.w.org\/{rel}","templated":true}]}}