{"id":242,"date":"2017-05-10T23:49:31","date_gmt":"2017-05-10T21:49:31","guid":{"rendered":"http:\/\/www.lesprojekt.cz\/?page_id=242"},"modified":"2023-06-19T14:57:39","modified_gmt":"2023-06-19T12:57:39","slug":"smarthoney","status":"publish","type":"page","link":"https:\/\/www.lesprojekt.cz\/?page_id=242","title":{"rendered":"SmartHoney"},"content":{"rendered":"<p>C\u00edlem projektu SmartHoney (Grant Agreement Number 632861) (2015) bylo navrhnout \u0159e\u0161en\u00ed zam\u011b\u0159en\u00e9 na monitorov\u00e1n\u00ed situace uvnit\u0159 i vn\u011b \u00falu, p\u0159edpov\u00eddat chov\u00e1n\u00ed v\u010del a odeslat upozorn\u011bn\u00ed v\u010dela\u0159\u016fm a umo\u017enit v\u010dasnou interaktivn\u00ed anal\u00fdzu. Pro sledov\u00e1n\u00ed bylo pou\u017eito WSN zalo\u017een\u00e9 na uzlech IQRF. IQRF je platforma pro n\u00edzkou rychlost, n\u00edzkou spot\u0159ebu, spolehliv\u00e9 a snadno pou\u017eiteln\u00e9 bezdr\u00e1tov\u00e9 p\u0159ipojen\u00ed, nap\u0159. Pro telemetrii, pr\u016fmyslov\u00e9 \u0159\u00edzen\u00ed a automatizaci budov. IQRF je kompletn\u00ed ekosyst\u00e9m z jedn\u00e9 zna\u010dky, v\u010detn\u011b hardwaru, softwaru, podpory v\u00fdvoje a slu\u017eeb. S\u00ed\u0165 IQRF lze snadno p\u0159ipojit k Internetu prost\u0159ednictv\u00edm Cloud serveru. IQRF je ide\u00e1ln\u00ed pro implementaci Internetu v\u011bc\u00ed.<br \/>\n<!--:--><\/p>\n","protected":false},"excerpt":{"rendered":"<p>C\u00edlem projektu SmartHoney (Grant Agreement Number 632861) (2015) bylo navrhnout \u0159e\u0161en\u00ed zam\u011b\u0159en\u00e9 na monitorov\u00e1n\u00ed situace uvnit\u0159 i vn\u011b \u00falu, p\u0159edpov\u00eddat chov\u00e1n\u00ed v\u010del a odeslat upozorn\u011bn\u00ed v\u010dela\u0159\u016fm a umo\u017enit v\u010dasnou interaktivn\u00ed anal\u00fdzu. Pro sledov\u00e1n\u00ed bylo pou\u017eito WSN zalo\u017een\u00e9 na uzlech IQRF. IQRF je platforma pro n\u00edzkou rychlost, n\u00edzkou spot\u0159ebu, spolehliv\u00e9 a snadno pou\u017eiteln\u00e9 bezdr\u00e1tov\u00e9 p\u0159ipojen\u00ed, nap\u0159. [&hellip;]<\/p>\n","protected":false},"author":2,"featured_media":0,"parent":19,"menu_order":4,"comment_status":"closed","ping_status":"closed","template":"","meta":{"footnotes":""},"class_list":["post-242","page","type-page","status-publish","hentry"],"_links":{"self":[{"href":"https:\/\/www.lesprojekt.cz\/index.php?rest_route=\/wp\/v2\/pages\/242","targetHints":{"allow":["GET"]}}],"collection":[{"href":"https:\/\/www.lesprojekt.cz\/index.php?rest_route=\/wp\/v2\/pages"}],"about":[{"href":"https:\/\/www.lesprojekt.cz\/index.php?rest_route=\/wp\/v2\/types\/page"}],"author":[{"embeddable":true,"href":"https:\/\/www.lesprojekt.cz\/index.php?rest_route=\/wp\/v2\/users\/2"}],"replies":[{"embeddable":true,"href":"https:\/\/www.lesprojekt.cz\/index.php?rest_route=%2Fwp%2Fv2%2Fcomments&post=242"}],"version-history":[{"count":5,"href":"https:\/\/www.lesprojekt.cz\/index.php?rest_route=\/wp\/v2\/pages\/242\/revisions"}],"predecessor-version":[{"id":1425,"href":"https:\/\/www.lesprojekt.cz\/index.php?rest_route=\/wp\/v2\/pages\/242\/revisions\/1425"}],"up":[{"embeddable":true,"href":"https:\/\/www.lesprojekt.cz\/index.php?rest_route=\/wp\/v2\/pages\/19"}],"wp:attachment":[{"href":"https:\/\/www.lesprojekt.cz\/index.php?rest_route=%2Fwp%2Fv2%2Fmedia&parent=242"}],"curies":[{"name":"wp","href":"https:\/\/api.w.org\/{rel}","templated":true}]}}