{"id":250,"date":"2017-05-11T00:14:31","date_gmt":"2017-05-10T22:14:31","guid":{"rendered":"http:\/\/www.lesprojekt.cz\/?page_id=250"},"modified":"2023-06-19T15:00:41","modified_gmt":"2023-06-19T13:00:41","slug":"mobildat","status":"publish","type":"page","link":"https:\/\/www.lesprojekt.cz\/?page_id=250","title":{"rendered":"MobilDat"},"content":{"rendered":"<p><!--:cs--><br \/>\nC\u00edlem projektu MobilDat (1ET101630421) (2004-2007) bylo p\u0159ipojit se k n\u00e1vrhu a implementaci inovativn\u00edho mobiln\u00edho \u0159e\u0161en\u00ed a mobiln\u00ed vizualizace pro sd\u00edlen\u00ed a aktualizaci prostorov\u00fdch znalost\u00ed se zvl\u00e1\u0161tn\u00edm zam\u011b\u0159en\u00edm na lesnictv\u00ed. D\u016fraz byl kladen nejen na p\u0159\u00edm\u00e9 technologick\u00e9ho v\u00fdvoje, ale tak\u00e9 na interoperabilit\u011b a standardizaci metod a n\u00e1stroj\u016f pro mobiln\u00ed spr\u00e1vy dat.<br \/>\n<!--:--><\/p>\n","protected":false},"excerpt":{"rendered":"<p>C\u00edlem projektu MobilDat (1ET101630421) (2004-2007) bylo p\u0159ipojit se k n\u00e1vrhu a implementaci inovativn\u00edho mobiln\u00edho \u0159e\u0161en\u00ed a mobiln\u00ed vizualizace pro sd\u00edlen\u00ed a aktualizaci prostorov\u00fdch znalost\u00ed se zvl\u00e1\u0161tn\u00edm zam\u011b\u0159en\u00edm na lesnictv\u00ed. D\u016fraz byl kladen nejen na p\u0159\u00edm\u00e9 technologick\u00e9ho v\u00fdvoje, ale tak\u00e9 na interoperabilit\u011b a standardizaci metod a n\u00e1stroj\u016f pro mobiln\u00ed spr\u00e1vy dat.<\/p>\n","protected":false},"author":2,"featured_media":0,"parent":19,"menu_order":7,"comment_status":"closed","ping_status":"closed","template":"","meta":{"footnotes":""},"class_list":["post-250","page","type-page","status-publish","hentry"],"_links":{"self":[{"href":"https:\/\/www.lesprojekt.cz\/index.php?rest_route=\/wp\/v2\/pages\/250","targetHints":{"allow":["GET"]}}],"collection":[{"href":"https:\/\/www.lesprojekt.cz\/index.php?rest_route=\/wp\/v2\/pages"}],"about":[{"href":"https:\/\/www.lesprojekt.cz\/index.php?rest_route=\/wp\/v2\/types\/page"}],"author":[{"embeddable":true,"href":"https:\/\/www.lesprojekt.cz\/index.php?rest_route=\/wp\/v2\/users\/2"}],"replies":[{"embeddable":true,"href":"https:\/\/www.lesprojekt.cz\/index.php?rest_route=%2Fwp%2Fv2%2Fcomments&post=250"}],"version-history":[{"count":2,"href":"https:\/\/www.lesprojekt.cz\/index.php?rest_route=\/wp\/v2\/pages\/250\/revisions"}],"predecessor-version":[{"id":1434,"href":"https:\/\/www.lesprojekt.cz\/index.php?rest_route=\/wp\/v2\/pages\/250\/revisions\/1434"}],"up":[{"embeddable":true,"href":"https:\/\/www.lesprojekt.cz\/index.php?rest_route=\/wp\/v2\/pages\/19"}],"wp:attachment":[{"href":"https:\/\/www.lesprojekt.cz\/index.php?rest_route=%2Fwp%2Fv2%2Fmedia&parent=250"}],"curies":[{"name":"wp","href":"https:\/\/api.w.org\/{rel}","templated":true}]}}