{"id":254,"date":"2017-05-11T00:35:38","date_gmt":"2017-05-10T22:35:38","guid":{"rendered":"http:\/\/www.lesprojekt.cz\/?page_id=254"},"modified":"2023-06-19T15:02:25","modified_gmt":"2023-06-19T13:02:25","slug":"prezem","status":"publish","type":"page","link":"https:\/\/www.lesprojekt.cz\/?page_id=254","title":{"rendered":"PreZem"},"content":{"rendered":"<p><!--:cs-->C\u00edlem projektu PREZEM (2B06124) (2006-2011) bylo nal\u00e9zt nov\u00e9 technologick\u00e9 \u0159e\u0161en\u00ed, kter\u00e9 umo\u017enilo p\u0159enesen\u00ed rozhodovac\u00edch proces\u016f v precizn\u00edm zem\u011bd\u011blstv\u00ed p\u0159\u00edmo do ter\u00e9nu. Syst\u00e9m zaji\u0161\u0165oval p\u0159\u00edstup ke znalostem a aktualizaci informac\u00ed kdykoliv a kdekoliv. Byl zalo\u017een na kombinaci modern\u00edch princip\u016f spr\u00e1vy distribuovan\u00fdch geoprostorov\u00fdch informac\u00ed, s mo\u017enost\u00ed mobiln\u00ed kartografick\u00e9 vizualizace, s mobiln\u00edm managementem geoprostorov\u00fdch informac\u00ed a lokalizace informac\u00ed na b\u00e1zi GNSS informac\u00ed ve vztahu k precizn\u00edmu zem\u011bd\u011blstv\u00ed.<br \/>\n<!--:--><\/p>\n","protected":false},"excerpt":{"rendered":"<p>C\u00edlem projektu PREZEM (2B06124) (2006-2011) bylo nal\u00e9zt nov\u00e9 technologick\u00e9 \u0159e\u0161en\u00ed, kter\u00e9 umo\u017enilo p\u0159enesen\u00ed rozhodovac\u00edch proces\u016f v precizn\u00edm zem\u011bd\u011blstv\u00ed p\u0159\u00edmo do ter\u00e9nu. Syst\u00e9m zaji\u0161\u0165oval p\u0159\u00edstup ke znalostem a aktualizaci informac\u00ed kdykoliv a kdekoliv. Byl zalo\u017een na kombinaci modern\u00edch princip\u016f spr\u00e1vy distribuovan\u00fdch geoprostorov\u00fdch informac\u00ed, s mo\u017enost\u00ed mobiln\u00ed kartografick\u00e9 vizualizace, s mobiln\u00edm managementem geoprostorov\u00fdch informac\u00ed a lokalizace informac\u00ed [&hellip;]<\/p>\n","protected":false},"author":2,"featured_media":0,"parent":19,"menu_order":9,"comment_status":"closed","ping_status":"closed","template":"","meta":{"footnotes":""},"class_list":["post-254","page","type-page","status-publish","hentry"],"_links":{"self":[{"href":"https:\/\/www.lesprojekt.cz\/index.php?rest_route=\/wp\/v2\/pages\/254","targetHints":{"allow":["GET"]}}],"collection":[{"href":"https:\/\/www.lesprojekt.cz\/index.php?rest_route=\/wp\/v2\/pages"}],"about":[{"href":"https:\/\/www.lesprojekt.cz\/index.php?rest_route=\/wp\/v2\/types\/page"}],"author":[{"embeddable":true,"href":"https:\/\/www.lesprojekt.cz\/index.php?rest_route=\/wp\/v2\/users\/2"}],"replies":[{"embeddable":true,"href":"https:\/\/www.lesprojekt.cz\/index.php?rest_route=%2Fwp%2Fv2%2Fcomments&post=254"}],"version-history":[{"count":2,"href":"https:\/\/www.lesprojekt.cz\/index.php?rest_route=\/wp\/v2\/pages\/254\/revisions"}],"predecessor-version":[{"id":1441,"href":"https:\/\/www.lesprojekt.cz\/index.php?rest_route=\/wp\/v2\/pages\/254\/revisions\/1441"}],"up":[{"embeddable":true,"href":"https:\/\/www.lesprojekt.cz\/index.php?rest_route=\/wp\/v2\/pages\/19"}],"wp:attachment":[{"href":"https:\/\/www.lesprojekt.cz\/index.php?rest_route=%2Fwp%2Fv2%2Fmedia&parent=254"}],"curies":[{"name":"wp","href":"https:\/\/api.w.org\/{rel}","templated":true}]}}