{"id":41,"date":"2016-11-28T20:30:37","date_gmt":"2016-11-28T19:30:37","guid":{"rendered":"http:\/\/www.lesprojekt.cz\/?page_id=41"},"modified":"2023-06-19T14:54:38","modified_gmt":"2023-06-19T12:54:38","slug":"farmtelemetry","status":"publish","type":"page","link":"https:\/\/www.lesprojekt.cz\/?page_id=41","title":{"rendered":"FarmTelemetrie"},"content":{"rendered":"<p><!--:cs--><br \/>\nProjekt FarmTelemetrie (Sub-Grant Agreement 200-4521) (2016) spo\u010d\u00edval v poskytov\u00e1n\u00ed syst\u00e9mu sm\u011b\u0159uj\u00edc\u00edmu ke zlep\u0161en\u00ed efektivity farem optimalizac\u00ed \u00farovn\u011b zem\u011bd\u011blsk\u00fdch vstup\u016f, jako jsou energie pot\u0159ebn\u00e9 pro pohon zem\u011bd\u011blsk\u00fdch stroj\u016f na pol\u00edch, energie pro p\u0159epravu vstup\u016f a v\u00fdstup\u016f produkce. C\u00edlem bylo poznat energetickou spot\u0159ebu plodin na jednotliv\u00fdch pol\u00edch v\u00fdpo\u010dtem energetick\u00e9ho potenci\u00e1lu konkr\u00e9tn\u00edch plodin na konkr\u00e9tn\u00edch pol\u00edch<\/p>\n<p><span style=\"color: initial;\">To se uskute\u010d\u0148ovalo prost\u0159ednictv\u00edm:<\/span><\/p>\n<ul>\n<li>Sledov\u00e1n\u00ed strojov\u00e9ho vozov\u00e9ho parku v re\u00e1ln\u00e9m \u010dase,<\/li>\n<li>Vyhodnocen\u00ed ekonomick\u00e9 efektivnosti o\u0161et\u0159en\u00ed nakl\u00e1d\u00e1n\u00ed s plodinami na poli,<\/li>\n<li>Vyhodnocov\u00e1n\u00ed strojn\u00edch za\u0159\u00edzen\u00ed proch\u00e1zej\u00edc\u00edmi p\u016fdn\u00edm prost\u0159ed\u00edm. Jednalo se o podrobnou anal\u00fdzu trajektori\u00ed traktor\u016f v pol\u00edch s ohledem na podm\u00ednky specifick\u00e9 pro danou lokalitu<\/li>\n<\/ul>\n<p><!--:--><\/p>\n","protected":false},"excerpt":{"rendered":"<p>Projekt FarmTelemetrie (Sub-Grant Agreement 200-4521) (2016) spo\u010d\u00edval v poskytov\u00e1n\u00ed syst\u00e9mu sm\u011b\u0159uj\u00edc\u00edmu ke zlep\u0161en\u00ed efektivity farem optimalizac\u00ed \u00farovn\u011b zem\u011bd\u011blsk\u00fdch vstup\u016f, jako jsou energie pot\u0159ebn\u00e9 pro pohon zem\u011bd\u011blsk\u00fdch stroj\u016f na pol\u00edch, energie pro p\u0159epravu vstup\u016f a v\u00fdstup\u016f produkce. C\u00edlem bylo poznat energetickou spot\u0159ebu plodin na jednotliv\u00fdch pol\u00edch v\u00fdpo\u010dtem energetick\u00e9ho potenci\u00e1lu konkr\u00e9tn\u00edch plodin na konkr\u00e9tn\u00edch pol\u00edch To se [&hellip;]<\/p>\n","protected":false},"author":1,"featured_media":0,"parent":19,"menu_order":2,"comment_status":"closed","ping_status":"closed","template":"","meta":{"footnotes":""},"class_list":["post-41","page","type-page","status-publish","hentry"],"_links":{"self":[{"href":"https:\/\/www.lesprojekt.cz\/index.php?rest_route=\/wp\/v2\/pages\/41","targetHints":{"allow":["GET"]}}],"collection":[{"href":"https:\/\/www.lesprojekt.cz\/index.php?rest_route=\/wp\/v2\/pages"}],"about":[{"href":"https:\/\/www.lesprojekt.cz\/index.php?rest_route=\/wp\/v2\/types\/page"}],"author":[{"embeddable":true,"href":"https:\/\/www.lesprojekt.cz\/index.php?rest_route=\/wp\/v2\/users\/1"}],"replies":[{"embeddable":true,"href":"https:\/\/www.lesprojekt.cz\/index.php?rest_route=%2Fwp%2Fv2%2Fcomments&post=41"}],"version-history":[{"count":6,"href":"https:\/\/www.lesprojekt.cz\/index.php?rest_route=\/wp\/v2\/pages\/41\/revisions"}],"predecessor-version":[{"id":1417,"href":"https:\/\/www.lesprojekt.cz\/index.php?rest_route=\/wp\/v2\/pages\/41\/revisions\/1417"}],"up":[{"embeddable":true,"href":"https:\/\/www.lesprojekt.cz\/index.php?rest_route=\/wp\/v2\/pages\/19"}],"wp:attachment":[{"href":"https:\/\/www.lesprojekt.cz\/index.php?rest_route=%2Fwp%2Fv2%2Fmedia&parent=41"}],"curies":[{"name":"wp","href":"https:\/\/api.w.org\/{rel}","templated":true}]}}