{"id":43,"date":"2016-11-28T20:31:26","date_gmt":"2016-11-28T19:31:26","guid":{"rendered":"http:\/\/www.lesprojekt.cz\/?page_id=43"},"modified":"2023-06-19T14:55:50","modified_gmt":"2023-06-19T12:55:50","slug":"imatop","status":"publish","type":"page","link":"https:\/\/www.lesprojekt.cz\/?page_id=43","title":{"rendered":"IMaToP"},"content":{"rendered":"<p><!--:cs--><br \/>\nIMaToP (Sub\u2010Grant Agreement 16263) (2015) se zam\u011b\u0159oval na v\u00fdvoj rozhodovac\u00edho webov\u00e9ho syst\u00e9mu prost\u0159ednictv\u00edm wifi senzor\u016f a tag\u016f pro sledov\u00e1n\u00ed stavu vzduchu a p\u016fdy v re\u00e1ln\u00e9m \u010dase, mobiln\u00edch sb\u011bru dat, alarm\u016f zalo\u017een\u00fdch na Zpracov\u00e1n\u00ed Komplexn\u00edch Ud\u00e1lost\u00ed a Pokro\u010dil\u00e9 Vizualizaci.<\/p>\n<p>Projekt byl zam\u011b\u0159en na p\u011bstitele raj\u010dat, aby je podpo\u0159ili p\u0159i implementaci proaktivn\u00edch a n\u00e1pravn\u00fdch opat\u0159en\u00ed, jako p\u0159esn\u00fd \u010das sklizn\u011b, optim\u00e1ln\u00ed zavla\u017eovac\u00ed postupy, shrom\u00e1\u017ed\u011bn\u00e9 na z\u00e1klad\u011b \u017eiv\u00fdch dat a shrom\u00e1\u017ed\u011bn\u00fdch ukazatel\u016f a porovn\u00e1van\u00e9 s optim\u00e1ln\u00edmi standardy po\u017eadovan\u00fdmi specifickou odr\u016fdou raj\u010dat.<br \/>\n<!--:--><\/p>\n","protected":false},"excerpt":{"rendered":"<p>IMaToP (Sub\u2010Grant Agreement 16263) (2015) se zam\u011b\u0159oval na v\u00fdvoj rozhodovac\u00edho webov\u00e9ho syst\u00e9mu prost\u0159ednictv\u00edm wifi senzor\u016f a tag\u016f pro sledov\u00e1n\u00ed stavu vzduchu a p\u016fdy v re\u00e1ln\u00e9m \u010dase, mobiln\u00edch sb\u011bru dat, alarm\u016f zalo\u017een\u00fdch na Zpracov\u00e1n\u00ed Komplexn\u00edch Ud\u00e1lost\u00ed a Pokro\u010dil\u00e9 Vizualizaci. Projekt byl zam\u011b\u0159en na p\u011bstitele raj\u010dat, aby je podpo\u0159ili p\u0159i implementaci proaktivn\u00edch a n\u00e1pravn\u00fdch opat\u0159en\u00ed, jako p\u0159esn\u00fd [&hellip;]<\/p>\n","protected":false},"author":1,"featured_media":0,"parent":19,"menu_order":3,"comment_status":"closed","ping_status":"closed","template":"","meta":{"footnotes":""},"class_list":["post-43","page","type-page","status-publish","hentry"],"_links":{"self":[{"href":"https:\/\/www.lesprojekt.cz\/index.php?rest_route=\/wp\/v2\/pages\/43","targetHints":{"allow":["GET"]}}],"collection":[{"href":"https:\/\/www.lesprojekt.cz\/index.php?rest_route=\/wp\/v2\/pages"}],"about":[{"href":"https:\/\/www.lesprojekt.cz\/index.php?rest_route=\/wp\/v2\/types\/page"}],"author":[{"embeddable":true,"href":"https:\/\/www.lesprojekt.cz\/index.php?rest_route=\/wp\/v2\/users\/1"}],"replies":[{"embeddable":true,"href":"https:\/\/www.lesprojekt.cz\/index.php?rest_route=%2Fwp%2Fv2%2Fcomments&post=43"}],"version-history":[{"count":5,"href":"https:\/\/www.lesprojekt.cz\/index.php?rest_route=\/wp\/v2\/pages\/43\/revisions"}],"predecessor-version":[{"id":1420,"href":"https:\/\/www.lesprojekt.cz\/index.php?rest_route=\/wp\/v2\/pages\/43\/revisions\/1420"}],"up":[{"embeddable":true,"href":"https:\/\/www.lesprojekt.cz\/index.php?rest_route=\/wp\/v2\/pages\/19"}],"wp:attachment":[{"href":"https:\/\/www.lesprojekt.cz\/index.php?rest_route=%2Fwp%2Fv2%2Fmedia&parent=43"}],"curies":[{"name":"wp","href":"https:\/\/api.w.org\/{rel}","templated":true}]}}