{"id":431,"date":"2018-07-18T17:08:17","date_gmt":"2018-07-18T15:08:17","guid":{"rendered":"http:\/\/www.lesprojekt.cz\/?page_id=431"},"modified":"2018-11-14T21:44:39","modified_gmt":"2018-11-14T20:44:39","slug":"pruzkum-trzniho-prostredi-pro-system-optimalizace-zavlazovani-na-vinicich-v-argentine-simona","status":"publish","type":"page","link":"https:\/\/www.lesprojekt.cz\/?page_id=431","title":{"rendered":"SIMONA"},"content":{"rendered":"<p><!--:cs--><\/p>\n<h2>Pr\u016fzkum tr\u017en\u00edho prost\u0159ed\u00ed pro syst\u00e9m optimalizace zavla\u017eov\u00e1n\u00ed na vinic\u00edch v Argentin\u011b<\/h2>\n<p>C\u00edlem projektu je p\u0159\u00edprava podnikatelsk\u00e9ho pl\u00e1nu zaveden\u00ed syst\u00e9mu optimalizace zem\u011bd\u011blsk\u00e9ho hospoda\u0159en\u00ed s vodou (se zam\u011b\u0159en\u00edm na vinice), kter\u00fd bude zalo\u017een na syst\u00e9mu Bezdr\u00e1tov\u00e9 senzorov\u00e9 s\u00edt\u011b (Wireless Sensor Network, WSN) na b\u00e1zi technologi\u00ed (Internet of Things, IoT), skl\u00e1daj\u00edc\u00ed se z r\u016fzn\u00fdch senzor\u016f monitoruj\u00edc\u00edch komplexn\u011b \u201e\u017eivotn\u00ed podm\u00ednky\u201c rostlin (nap\u0159. p\u016fdn\u00ed vlhkosti a teploty, klimatick\u00e9 podm\u00ednky). Syst\u00e9m bude p\u0159edstavovat \u201enov\u00fd prvek\u201c v lokalit\u011b, jak fyzik\u00e1ln\u011b, tak soci\u00e1ln\u011b. Ze soci\u00e1ln\u00edho hlediska vytvo\u0159\u00ed novou situaci (situac\u00ed se v tomto kontextu rozum\u00ed souhrn pro na\u0161i akci d\u016fle\u017eit\u00fdch pravidel chov\u00e1n\u00ed a lid\u00ed, kte\u0159\u00ed je bu\u010f ur\u010duj\u00ed, nebo se jimi \u0159\u00edd\u00ed), kter\u00e1, aby byla p\u0159ijata, mus\u00ed b\u00fdt \u201edefinov\u00e1na\u201c v\u0161emi relevantn\u00edmi z\u00fa\u010dastn\u011bn\u00fdmi &#8211; hr\u00e1\u010di (key stakeholders). Projekt je zam\u011b\u0159en na Provincii San Juan, Argentina.<\/p>\n<p>SIMONA bude syst\u00e9m pro podporu koncov\u00fdch u\u017eivatel\u016f (Decision Support System, DSS) p\u0159i sb\u011bru dat pro zlep\u0161en\u00ed rozhodov\u00e1n\u00ed a bude se skl\u00e1dat z n\u00e1sleduj\u00edc\u00edch technologick\u00fdch jednotek: samotn\u00e1 senzorov\u00e1 s\u00ed\u0165, um\u00edst\u011bn\u00e1 v pilotn\u00ed zem\u011bd\u011blsk\u00e9 oblasti (WSN), syst\u00e9m p\u0159enosu dat, syst\u00e9m ukl\u00e1d\u00e1n\u00ed dat a syst\u00e9m pro vizualizaci nam\u011b\u0159en\u00fdch dat.<\/p>\n<p><img decoding=\"async\" class=\"alignnone size-medium wp-image-434\" src=\"http:\/\/www.lesprojekt.cz\/wp-content\/uploads\/2018\/07\/logo-Jakub-300x125.jpg\" alt=\"logo-jakub\" height=\"100\" srcset=\"https:\/\/www.lesprojekt.cz\/wp-content\/uploads\/2018\/07\/logo-Jakub-300x125.jpg 300w, https:\/\/www.lesprojekt.cz\/wp-content\/uploads\/2018\/07\/logo-Jakub.jpg 620w\" sizes=\"(max-width: 300px) 100vw, 300px\" \/><img loading=\"lazy\" decoding=\"async\" class=\"alignnone size-medium wp-image-436\" src=\"http:\/\/www.lesprojekt.cz\/wp-content\/uploads\/2018\/07\/crpomoc_horiz_r-300x100.jpg\" alt=\"crpomoc_horiz_r\" width=\"300\" height=\"100\" srcset=\"https:\/\/www.lesprojekt.cz\/wp-content\/uploads\/2018\/07\/crpomoc_horiz_r-300x100.jpg 300w, https:\/\/www.lesprojekt.cz\/wp-content\/uploads\/2018\/07\/crpomoc_horiz_r.jpg 700w\" sizes=\"auto, (max-width: 300px) 100vw, 300px\" \/><\/p>\n<h2>Workshop<\/h2>\n<p>Dne 25.10.2018 se  na AV \u010cR, N\u00e1rodn\u00ed 3, Praha 1 konal z\u00e1v\u011bre\u010dn\u00fd workshop projektu SIMONA.<br \/>\nB\u011bhem workshopu byl p\u0159edstaven pr\u016fb\u011bh tohoto 3 m\u011bs\u00ed\u010dn\u00edho projektu a jeho v\u00fdsledky, kter\u00e9 jsou zpracov\u00e1ny do formy podnikatelsk\u00e9ho pl\u00e1nu.<\/p>\n<p><a href=\"http:\/\/www.lesprojekt.cz\/wp-content\/uploads\/2018\/11\/SIMONA_ZB_bez_videa1.pptx\" target=\"_blank\">prezentace<\/a> [PPT, 368MB]<\/p>\n<p><div id=\"envira-gallery-wrap-524\" class=\"envira-gallery-wrap envira-gallery-theme-base envira-lightbox-theme-base\" itemscope itemtype=\"https:\/\/schema.org\/ImageGallery\"><div data-row-height=\"150\" data-gallery-theme=\"normal\" id=\"envira-gallery-524\" class=\"envira-gallery-public envira-gallery-justified-public envira-gallery-0-columns envira-clear enviratope envira-gallery-css-animations\" data-envira-columns=\"0\"><div id=\"envira-gallery-item-525\" class=\"envira-gallery-item enviratope-item envira-gallery-item-1 envira-lazy-load\" style=\"padding-left: 5px; padding-bottom: 10px; padding-right: 5px;\"  itemscope itemtype=\"https:\/\/schema.org\/ImageObject\"><div class=\"envira-gallery-item-inner\"><div class=\"envira-gallery-position-overlay  envira-gallery-top-left\"><\/div><div class=\"envira-gallery-position-overlay  envira-gallery-top-right\"><\/div><div class=\"envira-gallery-position-overlay  envira-gallery-bottom-left\"><\/div><div class=\"envira-gallery-position-overlay  envira-gallery-bottom-right\"><\/div><a href=\"http:\/\/www.lesprojekt.cz\/wp-content\/uploads\/2018\/11\/IMG_4273.jpg\" class=\"envira-gallery-524 envira-gallery-link\" rel=\"enviragallery524\" title=\"img_4273\" data-envira-caption=\"img_4273\" data-envira-retina=\"\" data-thumbnail=\"\"  itemprop=\"contentUrl\"><img decoding=\"async\" id=\"envira-gallery-image-525\" class=\"envira-gallery-image envira-gallery-image-1 envira-normal envira-lazy\" data-envira-index=\"1\" src=\"https:\/\/www.lesprojekt.cz\/wp-content\/uploads\/2018\/11\/IMG_4273-732x549-640x480.jpg\" data-envira-src=\"https:\/\/www.lesprojekt.cz\/wp-content\/uploads\/2018\/11\/IMG_4273-732x549-640x480.jpg\" data-envira-gallery-id=\"524\" data-envira-item-id=\"525\" data-envira-caption=\"img_4273\" alt=\"\" title=\"img_4273\"  itemprop=\"thumbnailUrl\" data-envira-srcset=\"https:\/\/www.lesprojekt.cz\/wp-content\/uploads\/2018\/11\/IMG_4273-732x549-640x480.jpg 400w,https:\/\/www.lesprojekt.cz\/wp-content\/uploads\/2018\/11\/IMG_4273-732x549-640x480.jpg 2x\" data-envira-width=\"300\" data-envira-height=\"225\" srcset=\"data:image\/gif;base64,R0lGODlhAQABAIAAAP\/\/\/\/\/\/\/yH5BAEKAAEALAAAAAABAAEAAAICTAEAOw==\" data-safe-src=\"data:image\/gif;base64,R0lGODlhAQABAIAAAP\/\/\/\/\/\/\/yH5BAEKAAEALAAAAAABAAEAAAICTAEAOw==\" \/><\/a><\/div><\/div><div id=\"envira-gallery-item-526\" class=\"envira-gallery-item enviratope-item envira-gallery-item-2 envira-lazy-load\" style=\"padding-left: 5px; padding-bottom: 10px; padding-right: 5px;\"  itemscope itemtype=\"https:\/\/schema.org\/ImageObject\"><div class=\"envira-gallery-item-inner\"><div class=\"envira-gallery-position-overlay  envira-gallery-top-left\"><\/div><div class=\"envira-gallery-position-overlay  envira-gallery-top-right\"><\/div><div class=\"envira-gallery-position-overlay  envira-gallery-bottom-left\"><\/div><div class=\"envira-gallery-position-overlay  envira-gallery-bottom-right\"><\/div><a href=\"http:\/\/www.lesprojekt.cz\/wp-content\/uploads\/2018\/11\/IMG_4276.jpg\" class=\"envira-gallery-524 envira-gallery-link\" rel=\"enviragallery524\" title=\"img_4276\" data-envira-caption=\"img_4276\" data-envira-retina=\"\" data-thumbnail=\"\"  itemprop=\"contentUrl\"><img decoding=\"async\" id=\"envira-gallery-image-526\" class=\"envira-gallery-image envira-gallery-image-2 envira-normal envira-lazy\" data-envira-index=\"2\" src=\"https:\/\/www.lesprojekt.cz\/wp-content\/uploads\/2018\/11\/IMG_4276-732x549-640x480.jpg\" data-envira-src=\"https:\/\/www.lesprojekt.cz\/wp-content\/uploads\/2018\/11\/IMG_4276-732x549-640x480.jpg\" data-envira-gallery-id=\"524\" data-envira-item-id=\"526\" data-envira-caption=\"img_4276\" alt=\"\" title=\"img_4276\"  itemprop=\"thumbnailUrl\" data-envira-srcset=\"https:\/\/www.lesprojekt.cz\/wp-content\/uploads\/2018\/11\/IMG_4276-732x549-640x480.jpg 400w,https:\/\/www.lesprojekt.cz\/wp-content\/uploads\/2018\/11\/IMG_4276-732x549-640x480.jpg 2x\" data-envira-width=\"300\" data-envira-height=\"225\" srcset=\"data:image\/gif;base64,R0lGODlhAQABAIAAAP\/\/\/\/\/\/\/yH5BAEKAAEALAAAAAABAAEAAAICTAEAOw==\" data-safe-src=\"data:image\/gif;base64,R0lGODlhAQABAIAAAP\/\/\/\/\/\/\/yH5BAEKAAEALAAAAAABAAEAAAICTAEAOw==\" \/><\/a><\/div><\/div><div id=\"envira-gallery-item-527\" class=\"envira-gallery-item enviratope-item envira-gallery-item-3 envira-lazy-load\" style=\"padding-left: 5px; padding-bottom: 10px; padding-right: 5px;\"  itemscope itemtype=\"https:\/\/schema.org\/ImageObject\"><div class=\"envira-gallery-item-inner\"><div class=\"envira-gallery-position-overlay  envira-gallery-top-left\"><\/div><div class=\"envira-gallery-position-overlay  envira-gallery-top-right\"><\/div><div class=\"envira-gallery-position-overlay  envira-gallery-bottom-left\"><\/div><div class=\"envira-gallery-position-overlay  envira-gallery-bottom-right\"><\/div><a href=\"http:\/\/www.lesprojekt.cz\/wp-content\/uploads\/2018\/11\/IMG_4281.jpg\" class=\"envira-gallery-524 envira-gallery-link\" rel=\"enviragallery524\" title=\"img_4281\" data-envira-caption=\"img_4281\" data-envira-retina=\"\" data-thumbnail=\"\"  itemprop=\"contentUrl\"><img decoding=\"async\" id=\"envira-gallery-image-527\" class=\"envira-gallery-image envira-gallery-image-3 envira-normal envira-lazy\" data-envira-index=\"3\" src=\"https:\/\/www.lesprojekt.cz\/wp-content\/uploads\/2018\/11\/IMG_4281-732x456-640x480.jpg\" data-envira-src=\"https:\/\/www.lesprojekt.cz\/wp-content\/uploads\/2018\/11\/IMG_4281-732x456-640x480.jpg\" data-envira-gallery-id=\"524\" data-envira-item-id=\"527\" data-envira-caption=\"img_4281\" alt=\"\" title=\"img_4281\"  itemprop=\"thumbnailUrl\" data-envira-srcset=\"https:\/\/www.lesprojekt.cz\/wp-content\/uploads\/2018\/11\/IMG_4281-732x456-640x480.jpg 400w,https:\/\/www.lesprojekt.cz\/wp-content\/uploads\/2018\/11\/IMG_4281-732x456-640x480.jpg 2x\" data-envira-width=\"300\" data-envira-height=\"187\" srcset=\"data:image\/gif;base64,R0lGODlhAQABAIAAAP\/\/\/\/\/\/\/yH5BAEKAAEALAAAAAABAAEAAAICTAEAOw==\" data-safe-src=\"data:image\/gif;base64,R0lGODlhAQABAIAAAP\/\/\/\/\/\/\/yH5BAEKAAEALAAAAAABAAEAAAICTAEAOw==\" \/><\/a><\/div><\/div><div id=\"envira-gallery-item-528\" class=\"envira-gallery-item enviratope-item envira-gallery-item-4 envira-lazy-load\" style=\"padding-left: 5px; padding-bottom: 10px; padding-right: 5px;\"  itemscope itemtype=\"https:\/\/schema.org\/ImageObject\"><div class=\"envira-gallery-item-inner\"><div class=\"envira-gallery-position-overlay  envira-gallery-top-left\"><\/div><div class=\"envira-gallery-position-overlay  envira-gallery-top-right\"><\/div><div class=\"envira-gallery-position-overlay  envira-gallery-bottom-left\"><\/div><div class=\"envira-gallery-position-overlay  envira-gallery-bottom-right\"><\/div><a href=\"http:\/\/www.lesprojekt.cz\/wp-content\/uploads\/2018\/11\/IMG_4284.jpg\" class=\"envira-gallery-524 envira-gallery-link\" rel=\"enviragallery524\" title=\"img_4284\" data-envira-caption=\"img_4284\" data-envira-retina=\"\" data-thumbnail=\"\"  itemprop=\"contentUrl\"><img decoding=\"async\" id=\"envira-gallery-image-528\" class=\"envira-gallery-image envira-gallery-image-4 envira-normal envira-lazy\" data-envira-index=\"4\" src=\"https:\/\/www.lesprojekt.cz\/wp-content\/uploads\/2018\/11\/IMG_4284-732x549-640x480.jpg\" data-envira-src=\"https:\/\/www.lesprojekt.cz\/wp-content\/uploads\/2018\/11\/IMG_4284-732x549-640x480.jpg\" data-envira-gallery-id=\"524\" data-envira-item-id=\"528\" data-envira-caption=\"img_4284\" alt=\"\" title=\"img_4284\"  itemprop=\"thumbnailUrl\" data-envira-srcset=\"https:\/\/www.lesprojekt.cz\/wp-content\/uploads\/2018\/11\/IMG_4284-732x549-640x480.jpg 400w,https:\/\/www.lesprojekt.cz\/wp-content\/uploads\/2018\/11\/IMG_4284-732x549-640x480.jpg 2x\" data-envira-width=\"300\" data-envira-height=\"225\" srcset=\"data:image\/gif;base64,R0lGODlhAQABAIAAAP\/\/\/\/\/\/\/yH5BAEKAAEALAAAAAABAAEAAAICTAEAOw==\" data-safe-src=\"data:image\/gif;base64,R0lGODlhAQABAIAAAP\/\/\/\/\/\/\/yH5BAEKAAEALAAAAAABAAEAAAICTAEAOw==\" \/><\/a><\/div><\/div><div id=\"envira-gallery-item-529\" class=\"envira-gallery-item enviratope-item envira-gallery-item-5 envira-lazy-load\" style=\"padding-left: 5px; padding-bottom: 10px; padding-right: 5px;\"  itemscope itemtype=\"https:\/\/schema.org\/ImageObject\"><div class=\"envira-gallery-item-inner\"><div class=\"envira-gallery-position-overlay  envira-gallery-top-left\"><\/div><div class=\"envira-gallery-position-overlay  envira-gallery-top-right\"><\/div><div class=\"envira-gallery-position-overlay  envira-gallery-bottom-left\"><\/div><div class=\"envira-gallery-position-overlay  envira-gallery-bottom-right\"><\/div><a href=\"http:\/\/www.lesprojekt.cz\/wp-content\/uploads\/2018\/11\/IMG_4291.jpg\" class=\"envira-gallery-524 envira-gallery-link\" rel=\"enviragallery524\" title=\"img_4291\" data-envira-caption=\"img_4291\" data-envira-retina=\"\" data-thumbnail=\"\"  itemprop=\"contentUrl\"><img decoding=\"async\" id=\"envira-gallery-image-529\" class=\"envira-gallery-image envira-gallery-image-5 envira-normal envira-lazy\" data-envira-index=\"5\" src=\"https:\/\/www.lesprojekt.cz\/wp-content\/uploads\/2018\/11\/IMG_4291-732x549-640x480.jpg\" data-envira-src=\"https:\/\/www.lesprojekt.cz\/wp-content\/uploads\/2018\/11\/IMG_4291-732x549-640x480.jpg\" data-envira-gallery-id=\"524\" data-envira-item-id=\"529\" data-envira-caption=\"img_4291\" alt=\"\" title=\"img_4291\"  itemprop=\"thumbnailUrl\" data-envira-srcset=\"https:\/\/www.lesprojekt.cz\/wp-content\/uploads\/2018\/11\/IMG_4291-732x549-640x480.jpg 400w,https:\/\/www.lesprojekt.cz\/wp-content\/uploads\/2018\/11\/IMG_4291-732x549-640x480.jpg 2x\" data-envira-width=\"300\" data-envira-height=\"225\" srcset=\"data:image\/gif;base64,R0lGODlhAQABAIAAAP\/\/\/\/\/\/\/yH5BAEKAAEALAAAAAABAAEAAAICTAEAOw==\" data-safe-src=\"data:image\/gif;base64,R0lGODlhAQABAIAAAP\/\/\/\/\/\/\/yH5BAEKAAEALAAAAAABAAEAAAICTAEAOw==\" \/><\/a><\/div><\/div><div id=\"envira-gallery-item-530\" class=\"envira-gallery-item enviratope-item envira-gallery-item-6 envira-lazy-load\" style=\"padding-left: 5px; padding-bottom: 10px; padding-right: 5px;\"  itemscope itemtype=\"https:\/\/schema.org\/ImageObject\"><div class=\"envira-gallery-item-inner\"><div class=\"envira-gallery-position-overlay  envira-gallery-top-left\"><\/div><div class=\"envira-gallery-position-overlay  envira-gallery-top-right\"><\/div><div class=\"envira-gallery-position-overlay  envira-gallery-bottom-left\"><\/div><div class=\"envira-gallery-position-overlay  envira-gallery-bottom-right\"><\/div><a href=\"http:\/\/www.lesprojekt.cz\/wp-content\/uploads\/2018\/11\/IMG_4293.jpg\" class=\"envira-gallery-524 envira-gallery-link\" rel=\"enviragallery524\" title=\"img_4293\" data-envira-caption=\"img_4293\" data-envira-retina=\"\" data-thumbnail=\"\"  itemprop=\"contentUrl\"><img decoding=\"async\" id=\"envira-gallery-image-530\" class=\"envira-gallery-image envira-gallery-image-6 envira-normal envira-lazy\" data-envira-index=\"6\" src=\"https:\/\/www.lesprojekt.cz\/wp-content\/uploads\/2018\/11\/IMG_4293-732x569-640x480.jpg\" data-envira-src=\"https:\/\/www.lesprojekt.cz\/wp-content\/uploads\/2018\/11\/IMG_4293-732x569-640x480.jpg\" data-envira-gallery-id=\"524\" data-envira-item-id=\"530\" data-envira-caption=\"img_4293\" alt=\"\" title=\"img_4293\"  itemprop=\"thumbnailUrl\" data-envira-srcset=\"https:\/\/www.lesprojekt.cz\/wp-content\/uploads\/2018\/11\/IMG_4293-732x569-640x480.jpg 400w,https:\/\/www.lesprojekt.cz\/wp-content\/uploads\/2018\/11\/IMG_4293-732x569-640x480.jpg 2x\" data-envira-width=\"300\" data-envira-height=\"233\" srcset=\"data:image\/gif;base64,R0lGODlhAQABAIAAAP\/\/\/\/\/\/\/yH5BAEKAAEALAAAAAABAAEAAAICTAEAOw==\" data-safe-src=\"data:image\/gif;base64,R0lGODlhAQABAIAAAP\/\/\/\/\/\/\/yH5BAEKAAEALAAAAAABAAEAAAICTAEAOw==\" \/><\/a><\/div><\/div><\/div><\/div><noscript><img decoding=\"async\" src=\"https:\/\/www.lesprojekt.cz\/wp-content\/uploads\/2018\/11\/IMG_4273.jpg\" alt=\"\" \/><img decoding=\"async\" src=\"https:\/\/www.lesprojekt.cz\/wp-content\/uploads\/2018\/11\/IMG_4276.jpg\" alt=\"\" \/><img decoding=\"async\" src=\"https:\/\/www.lesprojekt.cz\/wp-content\/uploads\/2018\/11\/IMG_4281.jpg\" alt=\"\" \/><img decoding=\"async\" src=\"https:\/\/www.lesprojekt.cz\/wp-content\/uploads\/2018\/11\/IMG_4284.jpg\" alt=\"\" \/><img decoding=\"async\" src=\"https:\/\/www.lesprojekt.cz\/wp-content\/uploads\/2018\/11\/IMG_4291.jpg\" alt=\"\" \/><img decoding=\"async\" src=\"https:\/\/www.lesprojekt.cz\/wp-content\/uploads\/2018\/11\/IMG_4293.jpg\" alt=\"\" \/><\/noscript><br \/>\n<!--:--><\/p>\n<p><!--:en--><\/p>\n<h2>System for the Irrigation Management On viNeyards in Argentina \u2013 a survey of the market<\/h2>\n<p>The main aim of the project is to build the business plan for the organisation of the SIMONA system in Argentina, which will be organised for water management optimisation in agriculture (vineyards) will be based on Wireless Sensor Network (WSN) system, which will be form by different sensors that are monitoring \u201clife condition for plants\u201d (for example soil moisture and temperature, climatic condition). This WSN system will be designed taking into account the local and regional conditions of the pilot area and the end user\u2019s needs. The project focuses on the San Juan province, Argentina.<\/p>\n<p>The designed system will be an end user support system (DSS) for collecting data to enhance decision-making and will consist of the following technological units: the sensor network itself placed in the pilot agricultural area (WSN), data transmission system, data storage system, and system for visualising the measured data.<\/p>\n<p><img decoding=\"async\" class=\"alignnone size-medium wp-image-434\" src=\"http:\/\/www.lesprojekt.cz\/wp-content\/uploads\/2018\/07\/logo-Jakub-300x125.jpg\" alt=\"logo-jakub\" height=\"100\" srcset=\"https:\/\/www.lesprojekt.cz\/wp-content\/uploads\/2018\/07\/logo-Jakub-300x125.jpg 300w, https:\/\/www.lesprojekt.cz\/wp-content\/uploads\/2018\/07\/logo-Jakub.jpg 620w\" sizes=\"(max-width: 300px) 100vw, 300px\" \/><img loading=\"lazy\" decoding=\"async\" class=\"alignnone size-medium wp-image-436\" src=\"http:\/\/www.lesprojekt.cz\/wp-content\/uploads\/2018\/07\/crpomoc_horiz_r-300x100.jpg\" alt=\"crpomoc_horiz_r\" width=\"300\" height=\"100\" srcset=\"https:\/\/www.lesprojekt.cz\/wp-content\/uploads\/2018\/07\/crpomoc_horiz_r-300x100.jpg 300w, https:\/\/www.lesprojekt.cz\/wp-content\/uploads\/2018\/07\/crpomoc_horiz_r.jpg 700w\" sizes=\"auto, (max-width: 300px) 100vw, 300px\" \/><br \/>\n<!--:--><\/p>\n","protected":false},"excerpt":{"rendered":"<p>Pr\u016fzkum tr\u017en\u00edho prost\u0159ed\u00ed pro syst\u00e9m optimalizace zavla\u017eov\u00e1n\u00ed na vinic\u00edch v Argentin\u011b C\u00edlem projektu je p\u0159\u00edprava podnikatelsk\u00e9ho pl\u00e1nu zaveden\u00ed syst\u00e9mu optimalizace zem\u011bd\u011blsk\u00e9ho hospoda\u0159en\u00ed s vodou (se zam\u011b\u0159en\u00edm na vinice), kter\u00fd bude zalo\u017een na syst\u00e9mu Bezdr\u00e1tov\u00e9 senzorov\u00e9 s\u00edt\u011b (Wireless Sensor Network, WSN) na b\u00e1zi technologi\u00ed (Internet of Things, IoT), skl\u00e1daj\u00edc\u00ed se z r\u016fzn\u00fdch senzor\u016f monitoruj\u00edc\u00edch komplexn\u011b \u201e\u017eivotn\u00ed [&hellip;]<\/p>\n","protected":false},"author":1,"featured_media":0,"parent":19,"menu_order":0,"comment_status":"closed","ping_status":"closed","template":"","meta":{"footnotes":""},"class_list":["post-431","page","type-page","status-publish","hentry"],"_links":{"self":[{"href":"https:\/\/www.lesprojekt.cz\/index.php?rest_route=\/wp\/v2\/pages\/431","targetHints":{"allow":["GET"]}}],"collection":[{"href":"https:\/\/www.lesprojekt.cz\/index.php?rest_route=\/wp\/v2\/pages"}],"about":[{"href":"https:\/\/www.lesprojekt.cz\/index.php?rest_route=\/wp\/v2\/types\/page"}],"author":[{"embeddable":true,"href":"https:\/\/www.lesprojekt.cz\/index.php?rest_route=\/wp\/v2\/users\/1"}],"replies":[{"embeddable":true,"href":"https:\/\/www.lesprojekt.cz\/index.php?rest_route=%2Fwp%2Fv2%2Fcomments&post=431"}],"version-history":[{"count":7,"href":"https:\/\/www.lesprojekt.cz\/index.php?rest_route=\/wp\/v2\/pages\/431\/revisions"}],"predecessor-version":[{"id":533,"href":"https:\/\/www.lesprojekt.cz\/index.php?rest_route=\/wp\/v2\/pages\/431\/revisions\/533"}],"up":[{"embeddable":true,"href":"https:\/\/www.lesprojekt.cz\/index.php?rest_route=\/wp\/v2\/pages\/19"}],"wp:attachment":[{"href":"https:\/\/www.lesprojekt.cz\/index.php?rest_route=%2Fwp%2Fv2%2Fmedia&parent=431"}],"curies":[{"name":"wp","href":"https:\/\/api.w.org\/{rel}","templated":true}]}}