{"id":47,"date":"2016-11-28T20:32:08","date_gmt":"2016-11-28T19:32:08","guid":{"rendered":"http:\/\/www.lesprojekt.cz\/?page_id=47"},"modified":"2023-06-19T15:03:18","modified_gmt":"2023-06-19T13:03:18","slug":"wirelessinfo","status":"publish","type":"page","link":"https:\/\/www.lesprojekt.cz\/?page_id=47","title":{"rendered":"WirelessInfo"},"content":{"rendered":"<p><!--:cs--><br \/>\nWirelessInfo (IST-1999-21056): projekt m\u011bl ambici zav\u00e9st pokro\u010dil\u00e9 bezdr\u00e1tov\u00e9 komunikace do multimedi\u00e1ln\u00edch syst\u00e9m\u016f a slu\u017eeb pro zem\u011bd\u011blstv\u00ed a lesn\u00ed spr\u00e1vy s c\u00edlem zlep\u0161it p\u0159\u00edstup k informac\u00edm o zem\u011bd\u011blstv\u00ed a lesnictv\u00ed ve srovn\u00e1n\u00ed s existuj\u00edc\u00edmi syst\u00e9my. Projekt byl orientov\u00e1n na propojen\u00ed GIS platforem s bezdr\u00e1tovou komunikac\u00ed, kter\u00e1 byla demonstrov\u00e1na na \u0161esti \u0159e\u0161en\u00edch pro zem\u011bd\u011blsko-lesnickou praxi, kter\u00fdm bylo spojen\u00ed pozemn\u00edho internetov\u00e9ho \u0159e\u0161en\u00ed a prostorov\u00fdch n\u00e1stroj\u016f pro bezdr\u00e1tovou komunikaci.<br \/>\n<!--:--><\/p>\n","protected":false},"excerpt":{"rendered":"<p>WirelessInfo (IST-1999-21056): projekt m\u011bl ambici zav\u00e9st pokro\u010dil\u00e9 bezdr\u00e1tov\u00e9 komunikace do multimedi\u00e1ln\u00edch syst\u00e9m\u016f a slu\u017eeb pro zem\u011bd\u011blstv\u00ed a lesn\u00ed spr\u00e1vy s c\u00edlem zlep\u0161it p\u0159\u00edstup k informac\u00edm o zem\u011bd\u011blstv\u00ed a lesnictv\u00ed ve srovn\u00e1n\u00ed s existuj\u00edc\u00edmi syst\u00e9my. Projekt byl orientov\u00e1n na propojen\u00ed GIS platforem s bezdr\u00e1tovou komunikac\u00ed, kter\u00e1 byla demonstrov\u00e1na na \u0161esti \u0159e\u0161en\u00edch pro zem\u011bd\u011blsko-lesnickou praxi, kter\u00fdm bylo [&hellip;]<\/p>\n","protected":false},"author":1,"featured_media":0,"parent":19,"menu_order":10,"comment_status":"closed","ping_status":"closed","template":"","meta":{"footnotes":""},"class_list":["post-47","page","type-page","status-publish","hentry"],"_links":{"self":[{"href":"https:\/\/www.lesprojekt.cz\/index.php?rest_route=\/wp\/v2\/pages\/47","targetHints":{"allow":["GET"]}}],"collection":[{"href":"https:\/\/www.lesprojekt.cz\/index.php?rest_route=\/wp\/v2\/pages"}],"about":[{"href":"https:\/\/www.lesprojekt.cz\/index.php?rest_route=\/wp\/v2\/types\/page"}],"author":[{"embeddable":true,"href":"https:\/\/www.lesprojekt.cz\/index.php?rest_route=\/wp\/v2\/users\/1"}],"replies":[{"embeddable":true,"href":"https:\/\/www.lesprojekt.cz\/index.php?rest_route=%2Fwp%2Fv2%2Fcomments&post=47"}],"version-history":[{"count":4,"href":"https:\/\/www.lesprojekt.cz\/index.php?rest_route=\/wp\/v2\/pages\/47\/revisions"}],"predecessor-version":[{"id":1444,"href":"https:\/\/www.lesprojekt.cz\/index.php?rest_route=\/wp\/v2\/pages\/47\/revisions\/1444"}],"up":[{"embeddable":true,"href":"https:\/\/www.lesprojekt.cz\/index.php?rest_route=\/wp\/v2\/pages\/19"}],"wp:attachment":[{"href":"https:\/\/www.lesprojekt.cz\/index.php?rest_route=%2Fwp%2Fv2%2Fmedia&parent=47"}],"curies":[{"name":"wp","href":"https:\/\/api.w.org\/{rel}","templated":true}]}}