{"id":49,"date":"2016-11-28T20:32:30","date_gmt":"2016-11-28T19:32:30","guid":{"rendered":"http:\/\/www.lesprojekt.cz\/?page_id=49"},"modified":"2023-06-19T15:00:02","modified_gmt":"2023-06-19T13:00:02","slug":"premathmod","status":"publish","type":"page","link":"https:\/\/www.lesprojekt.cz\/?page_id=49","title":{"rendered":"Premathmod"},"content":{"rendered":"<p>Premathmod (IST-2000-28177): hlavn\u00edm c\u00edlem projektu bylo zlep\u0161it p\u0159\u00edstup k dat\u016fm a analyzovat procesy dat v technologi\u00edch p\u0159esn\u00e9ho zem\u011bd\u011blstv\u00ed. Zam\u011b\u0159il se na nov\u00e9 a zdokonalen\u00e9 zem\u011bd\u011blsk\u00e9 syst\u00e9my a jejich souvisej\u00edc\u00ed podp\u016frn\u00e9 n\u00e1stroje. Projekt byl zalo\u017een na zav\u00e1d\u011bn\u00ed modern\u00edch informa\u010dn\u00edch n\u00e1stroj\u016f pro zem\u011bd\u011blskou praxi v oblasti p\u0159esn\u00e9ho zem\u011bd\u011blstv\u00ed, ukl\u00e1d\u00e1n\u00ed dat a p\u0159\u00edstupu k dat\u016fm zalo\u017een\u00fdch na metadatech, nov\u00fdch n\u00e1stroj\u00edch Open GIS (Geografick\u00fd informa\u010dn\u00ed syst\u00e9m) a nov\u00fdch poradensk\u00fdch zdroj\u00edch dat jako satelitn\u00edch dat s velmi vysok\u00fdm rozli\u0161en\u00edm. Testov\u00e1n\u00ed a vyhodnocen\u00ed koncov\u00e9ho u\u017eivatele bylo z\u00e1kladn\u00ed \u010dinnost\u00ed.<br \/>\n<!--:--><\/p>\n","protected":false},"excerpt":{"rendered":"<p>Premathmod (IST-2000-28177): hlavn\u00edm c\u00edlem projektu bylo zlep\u0161it p\u0159\u00edstup k dat\u016fm a analyzovat procesy dat v technologi\u00edch p\u0159esn\u00e9ho zem\u011bd\u011blstv\u00ed. Zam\u011b\u0159il se na nov\u00e9 a zdokonalen\u00e9 zem\u011bd\u011blsk\u00e9 syst\u00e9my a jejich souvisej\u00edc\u00ed podp\u016frn\u00e9 n\u00e1stroje. Projekt byl zalo\u017een na zav\u00e1d\u011bn\u00ed modern\u00edch informa\u010dn\u00edch n\u00e1stroj\u016f pro zem\u011bd\u011blskou praxi v oblasti p\u0159esn\u00e9ho zem\u011bd\u011blstv\u00ed, ukl\u00e1d\u00e1n\u00ed dat a p\u0159\u00edstupu k dat\u016fm zalo\u017een\u00fdch na metadatech, [&hellip;]<\/p>\n","protected":false},"author":1,"featured_media":0,"parent":19,"menu_order":6,"comment_status":"closed","ping_status":"closed","template":"","meta":{"footnotes":""},"class_list":["post-49","page","type-page","status-publish","hentry"],"_links":{"self":[{"href":"https:\/\/www.lesprojekt.cz\/index.php?rest_route=\/wp\/v2\/pages\/49","targetHints":{"allow":["GET"]}}],"collection":[{"href":"https:\/\/www.lesprojekt.cz\/index.php?rest_route=\/wp\/v2\/pages"}],"about":[{"href":"https:\/\/www.lesprojekt.cz\/index.php?rest_route=\/wp\/v2\/types\/page"}],"author":[{"embeddable":true,"href":"https:\/\/www.lesprojekt.cz\/index.php?rest_route=\/wp\/v2\/users\/1"}],"replies":[{"embeddable":true,"href":"https:\/\/www.lesprojekt.cz\/index.php?rest_route=%2Fwp%2Fv2%2Fcomments&post=49"}],"version-history":[{"count":6,"href":"https:\/\/www.lesprojekt.cz\/index.php?rest_route=\/wp\/v2\/pages\/49\/revisions"}],"predecessor-version":[{"id":1431,"href":"https:\/\/www.lesprojekt.cz\/index.php?rest_route=\/wp\/v2\/pages\/49\/revisions\/1431"}],"up":[{"embeddable":true,"href":"https:\/\/www.lesprojekt.cz\/index.php?rest_route=\/wp\/v2\/pages\/19"}],"wp:attachment":[{"href":"https:\/\/www.lesprojekt.cz\/index.php?rest_route=%2Fwp%2Fv2%2Fmedia&parent=49"}],"curies":[{"name":"wp","href":"https:\/\/api.w.org\/{rel}","templated":true}]}}