{"id":731,"date":"2019-11-12T22:22:08","date_gmt":"2019-11-12T21:22:08","guid":{"rendered":"http:\/\/www.lesprojekt.cz\/?page_id=731"},"modified":"2019-11-12T22:57:31","modified_gmt":"2019-11-12T21:57:31","slug":"afarcloud","status":"publish","type":"page","link":"https:\/\/www.lesprojekt.cz\/?page_id=731","title":{"rendered":"AFarCloud"},"content":{"rendered":"<p><!--:cs--><\/p>\n\n\n<p>AFarCloud \u2013 Aggregate Farming in the Cloud<\/p>\n\n\n\n<p>Hlavn\u00edm c\u00edlem projektu AFarCloud je vyvinout a demonstrovat nov\u00e9 robotick\u00e9 technologie a mechatronick\u00e9 syst\u00e9my integrovan\u00e9 do inteligentn\u00edch syst\u00e9m\u016f CPS, kter\u00e9 dok\u00e1\u017e\u00ed spolupracovat v re\u00e1ln\u00fdch sc\u00e9n\u00e1\u0159\u00edch v zem\u011bd\u011blsk\u00fdch syst\u00e9mech tak, aby poskytovaly spole\u010dn\u00fd r\u00e1mec pro v\u00fdvoj souvisej\u00edc\u00edch aplikac\u00ed.<\/p>\n\n\n\n<p>\nSlu\u017eby a technologie vyvinut\u00e9 v r\u00e1mci projektu AFarCloud povedou v zem\u011bd\u011blsk\u00e9 produkci k efektivn\u011bj\u0161\u00edmu vyu\u017e\u00edv\u00e1n\u00ed zdroj\u016f a \u0161etrnosti \u017eivotn\u00edho prost\u0159ed\u00ed, nap\u0159. k zv\u00fd\u0161en\u00ed efektivity, produktivity, zdrav\u00ed zv\u00ed\u0159at, kvality potravin a sn\u00ed\u017een\u00ed n\u00e1klad\u016f na zem\u011bd\u011blskou pr\u00e1ci.<\/p>\n\n\n\n<p>Services and technologies developed within this project will lead to more efficient use of resources and environmental friendliness in agricultural production, for example to increase efficiency, productivity, animal health, food quality and lower agricultural labor costs.<\/p>\n\n\n<ul>\n<li>Doba trv\u00e1n\u00ed: 09\/2018 \u2013 08\/2021<\/li>\n<li>Koordin\u00e1tor: UPM, Madrid, \u0160pan\u011blsko<\/li>\n<li>Zkr\u00e1cen\u00fd n\u00e1zev: AFarCloud<\/li>\n<li>N\u00e1zev projektu: Aggregate Farming in the Cloud<\/li>\n<li>V\u00fdzva: H2020-ECSEL-2017-2-RIA-two-stage<\/li>\n<li>\u010c\u00edslo projektu: 783221<\/li>\n<li>Web: <a href=\"http:\/\/www.afarcloud.eu\">http:\/\/www.afarcloud.eu<\/a><\/li>\n<\/ul>\n<p><!--:--><br><!--:en--><\/p>\n\n\n<p>AFarCloud \u2013 Aggregate Farming in the Cloud<\/p>\n\n\n\n<p>The main goal of the&nbsp;<strong>AFarCloud<\/strong>&nbsp;project is to develop and demonstrate how new robotics technologies and mechatronic systems integrated in smart CPS are able to cooperate in real-world farm scenarios so as to provide a common framework for the development of related applications, which can lead to more resource-efficient and environment-friendly agricultural production.<\/p>\n\n\n\n<p>Services and technologies developed within this project will lead to more efficient use of resources and environmental friendliness in agricultural production, for example to increase efficiency, productivity, animal health, food quality and lower agricultural labor costs.<\/p>\n\n\n<ul>\n<li>Duration: 09\/2018 \u2013 08\/2021<\/li>\n<li>Coordinator: UPM, Madrid, Spain<\/li>\n<li>Acronym: AFarCloud<\/li>\n<li>Project name: Aggregate Farming in the Cloud<\/li>\n<li>Call: H2020-ECSEL-2017-2-RIA-two-stage<\/li>\n<li>Project No.: 783221<\/li>\n<li>Web: <a href=\"http:\/\/www.afarcloud.eu\">http:\/\/www.afarcloud.eu<\/a><\/li>\n<\/ul>\n<p><!--:--><\/p>","protected":false},"excerpt":{"rendered":"<p>AFarCloud \u2013 Aggregate Farming in the Cloud Hlavn\u00edm c\u00edlem projektu AFarCloud je vyvinout a demonstrovat nov\u00e9 robotick\u00e9 technologie a mechatronick\u00e9 syst\u00e9my integrovan\u00e9 do inteligentn\u00edch syst\u00e9m\u016f CPS, kter\u00e9 dok\u00e1\u017e\u00ed spolupracovat v re\u00e1ln\u00fdch sc\u00e9n\u00e1\u0159\u00edch v zem\u011bd\u011blsk\u00fdch syst\u00e9mech tak, aby poskytovaly spole\u010dn\u00fd r\u00e1mec pro v\u00fdvoj souvisej\u00edc\u00edch aplikac\u00ed. Slu\u017eby a technologie vyvinut\u00e9 v r\u00e1mci projektu AFarCloud povedou v zem\u011bd\u011blsk\u00e9 [&hellip;]<\/p>\n","protected":false},"author":1,"featured_media":0,"parent":19,"menu_order":0,"comment_status":"closed","ping_status":"closed","template":"","meta":{"footnotes":""},"class_list":["post-731","page","type-page","status-publish","hentry"],"_links":{"self":[{"href":"https:\/\/www.lesprojekt.cz\/index.php?rest_route=\/wp\/v2\/pages\/731","targetHints":{"allow":["GET"]}}],"collection":[{"href":"https:\/\/www.lesprojekt.cz\/index.php?rest_route=\/wp\/v2\/pages"}],"about":[{"href":"https:\/\/www.lesprojekt.cz\/index.php?rest_route=\/wp\/v2\/types\/page"}],"author":[{"embeddable":true,"href":"https:\/\/www.lesprojekt.cz\/index.php?rest_route=\/wp\/v2\/users\/1"}],"replies":[{"embeddable":true,"href":"https:\/\/www.lesprojekt.cz\/index.php?rest_route=%2Fwp%2Fv2%2Fcomments&post=731"}],"version-history":[{"count":9,"href":"https:\/\/www.lesprojekt.cz\/index.php?rest_route=\/wp\/v2\/pages\/731\/revisions"}],"predecessor-version":[{"id":742,"href":"https:\/\/www.lesprojekt.cz\/index.php?rest_route=\/wp\/v2\/pages\/731\/revisions\/742"}],"up":[{"embeddable":true,"href":"https:\/\/www.lesprojekt.cz\/index.php?rest_route=\/wp\/v2\/pages\/19"}],"wp:attachment":[{"href":"https:\/\/www.lesprojekt.cz\/index.php?rest_route=%2Fwp%2Fv2%2Fmedia&parent=731"}],"curies":[{"name":"wp","href":"https:\/\/api.w.org\/{rel}","templated":true}]}}