{"id":787,"date":"2020-01-28T19:47:10","date_gmt":"2020-01-28T18:47:10","guid":{"rendered":"http:\/\/www.lesprojekt.cz\/?page_id=787"},"modified":"2023-02-09T14:15:00","modified_gmt":"2023-02-09T13:15:00","slug":"agriclima","status":"publish","type":"page","link":"https:\/\/www.lesprojekt.cz\/?page_id=787","title":{"rendered":"AgriClima"},"content":{"rendered":"\n<p><strong>\u010c\u00edslo projektu:<\/strong>&nbsp;LTE119008<br><strong>N\u00e1zev projektu:<\/strong>&nbsp;AgriClima \u2013 V\u00fdvoj inovativn\u00edch klimatick\u00fdch (monitorovac\u00edch a varovn\u00fdch) syst\u00e9m\u016f pro efektivn\u00ed management \u017eivin a vody v&nbsp;p\u016fd\u011b v&nbsp;r\u00e1mci spolupr\u00e1ce s&nbsp;EU -CELAC<br> <strong>Poskytovatel:<\/strong>&nbsp;M\u0160MT \u010cR (INTER \u2013 EUREKA)<\/p>\n\n\n\n<p>Spolup\u0159\u00edjemce: \u010cesk\u00e1 zem\u011bd\u011blsk\u00e1 univerzitav Praze, Fakulta \u017eivotn\u00edho prost\u0159ed\u00ed<\/p>\n\n\n\n<p>C\u00edlem projektu je n\u00e1vrh syst\u00e9mu optimalizace zem\u011bd\u011blsk\u00e9ho hospoda\u0159en\u00ed s vodou (se zam\u011b\u0159en\u00edm na vinice) ve vybran\u00fdch vina\u0159sk\u00fdch oblastech \u010cR a Argentiny (provincie San Juan). Syst\u00e9m je zalo\u017een na kombinaci dat in-situ monitoringu a zpracov\u00e1n\u00ed satelitn\u00edch dat o vlhkosti p\u016fdy a evapotranspiraci. In-situ monitoring je definov\u00e1n na principu bezdr\u00e1tov\u00e9 senzorov\u00e9 s\u00edt\u011b (Wireless Sensor Network, WSN) na b\u00e1zi technologi\u00ed (Internet of Things, IoT) a skl\u00e1d\u00e1 se z r\u016fzn\u00fdch senzor\u016f monitoruj\u00edc\u00edch komplexn\u011b \u201e\u017eivotn\u00ed podm\u00ednky\u201c rostlin (nap\u0159. p\u016fdn\u00ed vlhkosti a teploty, klimatick\u00e9 podm\u00ednky).<\/p>\n\n\n\n<p>str\u00e1nky projektu:<\/p>\n\n\n\n<p><a href=\"https:\/\/www.fzp.czu.cz\/cs\/r-6899-projekty-a-spoluprace-s-praxi\/r-6923-projekty\/r-14936-agriclima-vyvoj-inovativnich-klimatickych-systemu\">https:\/\/www.fzp.czu.cz\/cs\/r-6899-projekty-a-spoluprace-s-praxi\/r-6923-projekty\/r-14936-agriclima-vyvoj-inovativnich-klimatickych-systemu<\/a><\/p>\n\n\n\n<figure class=\"wp-block-embed is-type-video is-provider-youtube wp-block-embed-youtube wp-embed-aspect-16-9 wp-has-aspect-ratio\"><div class=\"wp-block-embed__wrapper\">\n<iframe loading=\"lazy\" title=\"Project AGRICLIMA\" width=\"750\" height=\"422\" src=\"https:\/\/www.youtube.com\/embed\/9lI9ib0D3jA?feature=oembed\" frameborder=\"0\" allow=\"accelerometer; autoplay; clipboard-write; encrypted-media; gyroscope; picture-in-picture; web-share\" allowfullscreen><\/iframe>\n<\/div><\/figure>\n","protected":false},"excerpt":{"rendered":"<p>\u010c\u00edslo projektu:&nbsp;LTE119008N\u00e1zev projektu:&nbsp;AgriClima \u2013 V\u00fdvoj inovativn\u00edch klimatick\u00fdch (monitorovac\u00edch a varovn\u00fdch) syst\u00e9m\u016f pro efektivn\u00ed management \u017eivin a vody v&nbsp;p\u016fd\u011b v&nbsp;r\u00e1mci spolupr\u00e1ce s&nbsp;EU -CELAC Poskytovatel:&nbsp;M\u0160MT \u010cR (INTER \u2013 EUREKA) Spolup\u0159\u00edjemce: \u010cesk\u00e1 zem\u011bd\u011blsk\u00e1 univerzitav Praze, Fakulta \u017eivotn\u00edho prost\u0159ed\u00ed C\u00edlem projektu je n\u00e1vrh syst\u00e9mu optimalizace zem\u011bd\u011blsk\u00e9ho hospoda\u0159en\u00ed s vodou (se zam\u011b\u0159en\u00edm na vinice) ve vybran\u00fdch vina\u0159sk\u00fdch oblastech \u010cR a [&hellip;]<\/p>\n","protected":false},"author":1,"featured_media":0,"parent":19,"menu_order":0,"comment_status":"closed","ping_status":"closed","template":"","meta":{"footnotes":""},"class_list":["post-787","page","type-page","status-publish","hentry"],"_links":{"self":[{"href":"https:\/\/www.lesprojekt.cz\/index.php?rest_route=\/wp\/v2\/pages\/787","targetHints":{"allow":["GET"]}}],"collection":[{"href":"https:\/\/www.lesprojekt.cz\/index.php?rest_route=\/wp\/v2\/pages"}],"about":[{"href":"https:\/\/www.lesprojekt.cz\/index.php?rest_route=\/wp\/v2\/types\/page"}],"author":[{"embeddable":true,"href":"https:\/\/www.lesprojekt.cz\/index.php?rest_route=\/wp\/v2\/users\/1"}],"replies":[{"embeddable":true,"href":"https:\/\/www.lesprojekt.cz\/index.php?rest_route=%2Fwp%2Fv2%2Fcomments&post=787"}],"version-history":[{"count":4,"href":"https:\/\/www.lesprojekt.cz\/index.php?rest_route=\/wp\/v2\/pages\/787\/revisions"}],"predecessor-version":[{"id":1338,"href":"https:\/\/www.lesprojekt.cz\/index.php?rest_route=\/wp\/v2\/pages\/787\/revisions\/1338"}],"up":[{"embeddable":true,"href":"https:\/\/www.lesprojekt.cz\/index.php?rest_route=\/wp\/v2\/pages\/19"}],"wp:attachment":[{"href":"https:\/\/www.lesprojekt.cz\/index.php?rest_route=%2Fwp%2Fv2%2Fmedia&parent=787"}],"curies":[{"name":"wp","href":"https:\/\/api.w.org\/{rel}","templated":true}]}}