{"id":846,"date":"2020-06-01T16:55:16","date_gmt":"2020-06-01T14:55:16","guid":{"rendered":"http:\/\/www.lesprojekt.cz\/?page_id=846"},"modified":"2023-06-19T14:49:03","modified_gmt":"2023-06-19T12:49:03","slug":"stargate","status":"publish","type":"page","link":"https:\/\/www.lesprojekt.cz\/?page_id=846","title":{"rendered":"STARGATE"},"content":{"rendered":"<p><!--:cs--><\/p>\n<p>Projekt STARGATE EU identifikuje zranitelnost sou\u010dasn\u00fdch zem\u011bd\u011blsk\u00fdch syst\u00e9m\u016f, spr\u00e1vu krajiny, modely, metody a postupy souvisej\u00edc\u00ed se zm\u011bnou klimatu a provede d\u016fkladnou anal\u00fdzu po\u017eadavk\u016f pro inteligentn\u00ed zem\u011bd\u011blstv\u00ed v oblasti klimatu (Climate Smart Agriculture- CSA), na jeho\u017e z\u00e1klad\u011b bude utv\u00e1\u0159et komunitu z\u00fa\u010dastn\u011bn\u00fdch stran.<\/p>\n<p>Na z\u00e1klad\u011b anal\u00fdzy po\u017eadavk\u016f STARGATE vyvine datov\u00fd r\u00e1mec a n\u00e1stroje pro podporu inteligentn\u00edho rozhodov\u00e1n\u00ed o klimatu, kter\u00e9 budou zem\u011bd\u011blci a tv\u016frci politik vyu\u017e\u00edvat k efektivn\u011bj\u0161\u00edmu \u0159\u00edzen\u00ed mikroklimatu na m\u00edstn\u00ed a region\u00e1ln\u00ed \u00farovni.<\/p>\n\n\n<figure class=\"wp-block-image size-large\"><img loading=\"lazy\" decoding=\"async\" width=\"134\" height=\"116\" src=\"http:\/\/www.lesprojekt.cz\/wp-content\/uploads\/2020\/06\/stargate-logo.png\" alt=\"\" class=\"wp-image-852\"\/><\/figure>\n\n\n<p>Lesprojekt &#8211; sluzby Ltd. is a partner of the project.<br \/>More information:<br \/><a href=\"https:\/\/www.stargate-h2020.eu\/project\/\">https:\/\/www.stargate-h2020.eu\/project\/<\/a><\/p>\n<p><!--:--><\/p>","protected":false},"excerpt":{"rendered":"<p>Projekt STARGATE EU identifikuje zranitelnost sou\u010dasn\u00fdch zem\u011bd\u011blsk\u00fdch syst\u00e9m\u016f, spr\u00e1vu krajiny, modely, metody a postupy souvisej\u00edc\u00ed se zm\u011bnou klimatu a provede d\u016fkladnou anal\u00fdzu po\u017eadavk\u016f pro inteligentn\u00ed zem\u011bd\u011blstv\u00ed v oblasti klimatu (Climate Smart Agriculture- CSA), na jeho\u017e z\u00e1klad\u011b bude utv\u00e1\u0159et komunitu z\u00fa\u010dastn\u011bn\u00fdch stran. Na z\u00e1klad\u011b anal\u00fdzy po\u017eadavk\u016f STARGATE vyvine datov\u00fd r\u00e1mec a n\u00e1stroje pro podporu inteligentn\u00edho rozhodov\u00e1n\u00ed [&hellip;]<\/p>\n","protected":false},"author":1,"featured_media":0,"parent":19,"menu_order":0,"comment_status":"closed","ping_status":"closed","template":"","meta":{"footnotes":""},"class_list":["post-846","page","type-page","status-publish","hentry"],"_links":{"self":[{"href":"https:\/\/www.lesprojekt.cz\/index.php?rest_route=\/wp\/v2\/pages\/846","targetHints":{"allow":["GET"]}}],"collection":[{"href":"https:\/\/www.lesprojekt.cz\/index.php?rest_route=\/wp\/v2\/pages"}],"about":[{"href":"https:\/\/www.lesprojekt.cz\/index.php?rest_route=\/wp\/v2\/types\/page"}],"author":[{"embeddable":true,"href":"https:\/\/www.lesprojekt.cz\/index.php?rest_route=\/wp\/v2\/users\/1"}],"replies":[{"embeddable":true,"href":"https:\/\/www.lesprojekt.cz\/index.php?rest_route=%2Fwp%2Fv2%2Fcomments&post=846"}],"version-history":[{"count":10,"href":"https:\/\/www.lesprojekt.cz\/index.php?rest_route=\/wp\/v2\/pages\/846\/revisions"}],"predecessor-version":[{"id":1410,"href":"https:\/\/www.lesprojekt.cz\/index.php?rest_route=\/wp\/v2\/pages\/846\/revisions\/1410"}],"up":[{"embeddable":true,"href":"https:\/\/www.lesprojekt.cz\/index.php?rest_route=\/wp\/v2\/pages\/19"}],"wp:attachment":[{"href":"https:\/\/www.lesprojekt.cz\/index.php?rest_route=%2Fwp%2Fv2%2Fmedia&parent=846"}],"curies":[{"name":"wp","href":"https:\/\/api.w.org\/{rel}","templated":true}]}}