{"id":86,"date":"2017-01-06T17:49:23","date_gmt":"2017-01-06T16:49:23","guid":{"rendered":"http:\/\/www.lesprojekt.cz\/?page_id=86"},"modified":"2023-06-19T14:53:18","modified_gmt":"2023-06-19T12:53:18","slug":"databio","status":"publish","type":"page","link":"https:\/\/www.lesprojekt.cz\/?page_id=86","title":{"rendered":"DataBio"},"content":{"rendered":"<p><!--:cs--><br \/>\nProjekt: DataBio<\/p>\n<p>Cel\u00fd n\u00e1zev: Data-Driven Bioeconomy<br \/>\nV\u00fdzva: ICT-15-2016-2017<br \/>\nTyp: H2020: Inova\u010dn\u00ed akce (IA)<\/p>\n<p>C\u00edle projektu:<br \/>\nProjekt DataBio (grantov\u00e1 dohoda \u010d. 732064) je financov\u00e1n v r\u00e1mci presti\u017en\u00edho v\u011bdeck\u00e9ho programu Evropsk\u00e9 unie pro v\u00fdzkum a inovace Horizon 2020. Nov\u00fd projekt se zam\u011b\u0159uje na produkci nejkvalitn\u011bj\u0161\u00edch surovin v biohospod\u00e1\u0159stv\u00ed (zem\u011bd\u011blstv\u00ed, lesnictv\u00ed a rybolovu) tak, aby se potraviny, energie a dal\u0161\u00ed biomateri\u00e1ly vyr\u00e1b\u011bly s d\u016frazem na odpov\u011bdnost a udr\u017eitelnost. Zku\u0161enosti ze Spojen\u00fdch st\u00e1t\u016f ukazuj\u00ed, \u017ee biohospod\u00e1\u0159stv\u00ed a p\u0159edev\u0161\u00edm zem\u011bd\u011blstv\u00ed m\u016f\u017ee z\u00edskat zna\u010dn\u00fd impulz s vyu\u017e\u00edv\u00e1n\u00edm Velk\u00fdch dat. V Evrop\u011b doposud tento sektor p\u0159il\u00e1kal pouze n\u011bkolik velk\u00fdch ICT firem. St\u0159edobodem projektu DataBio je zv\u00fd\u0161it zapojen\u00ed evropsk\u00e9ho ICT sektoru do v\u00fdvoje syst\u00e9m\u016f Velk\u00fdch dat k povzbuzen\u00ed zaost\u00e1vaj\u00edc\u00ed produktivity biohospod\u00e1\u0159stv\u00ed.<\/p>\n<p>Evropsk\u00fd program pozorov\u00e1n\u00ed Zem\u011b Copernicus ned\u00e1vno vypustil sv\u016fj t\u0159et\u00ed satelit Sentinel. Zna\u010dn\u00fd u\u017eitek z dat t\u00e9to dru\u017eice m\u016f\u017ee m\u00edt pr\u00e1v\u011b zem\u011bd\u011blstv\u00ed, lesnictv\u00ed a rybolov. V kone\u010dn\u00e9m d\u016fsledku projekt DataBio pom\u016f\u017ee evropsk\u00e9mu sektoru pozorov\u00e1n\u00ed Zem\u011b (Earth Observation) hr\u00e1t v t\u00e9to oblasti d\u016fle\u017eitou roli.<\/p>\n<p><img loading=\"lazy\" decoding=\"async\" class=\"alignnone size-medium wp-image-278\" src=\"http:\/\/www.lesprojekt.cz\/wp-content\/uploads\/2017\/05\/databio-logo-lowres-300x172.jpg\" alt=\"Stampa\" width=\"300\" height=\"172\" srcset=\"https:\/\/www.lesprojekt.cz\/wp-content\/uploads\/2017\/05\/databio-logo-lowres-300x172.jpg 300w, https:\/\/www.lesprojekt.cz\/wp-content\/uploads\/2017\/05\/databio-logo-lowres-768x440.jpg 768w, https:\/\/www.lesprojekt.cz\/wp-content\/uploads\/2017\/05\/databio-logo-lowres-732x420.jpg 732w, https:\/\/www.lesprojekt.cz\/wp-content\/uploads\/2017\/05\/databio-logo-lowres.jpg 776w\" sizes=\"auto, (max-width: 300px) 100vw, 300px\" \/><\/p>\n<p>&#8212; <a href=\"https:\/\/www.databio.eu\/en\/\" target=\"_blank\" rel=\"noopener\">www.databio.eu<\/a><br \/>\n<!--:--><!--:en--><br \/>\n<!--:--><\/p>\n","protected":false},"excerpt":{"rendered":"<p>Projekt: DataBio Cel\u00fd n\u00e1zev: Data-Driven Bioeconomy V\u00fdzva: ICT-15-2016-2017 Typ: H2020: Inova\u010dn\u00ed akce (IA) C\u00edle projektu: Projekt DataBio (grantov\u00e1 dohoda \u010d. 732064) je financov\u00e1n v r\u00e1mci presti\u017en\u00edho v\u011bdeck\u00e9ho programu Evropsk\u00e9 unie pro v\u00fdzkum a inovace Horizon 2020. Nov\u00fd projekt se zam\u011b\u0159uje na produkci nejkvalitn\u011bj\u0161\u00edch surovin v biohospod\u00e1\u0159stv\u00ed (zem\u011bd\u011blstv\u00ed, lesnictv\u00ed a rybolovu) tak, aby se potraviny, energie [&hellip;]<\/p>\n","protected":false},"author":1,"featured_media":0,"parent":19,"menu_order":1,"comment_status":"closed","ping_status":"closed","template":"","meta":{"footnotes":""},"class_list":["post-86","page","type-page","status-publish","hentry"],"_links":{"self":[{"href":"https:\/\/www.lesprojekt.cz\/index.php?rest_route=\/wp\/v2\/pages\/86","targetHints":{"allow":["GET"]}}],"collection":[{"href":"https:\/\/www.lesprojekt.cz\/index.php?rest_route=\/wp\/v2\/pages"}],"about":[{"href":"https:\/\/www.lesprojekt.cz\/index.php?rest_route=\/wp\/v2\/types\/page"}],"author":[{"embeddable":true,"href":"https:\/\/www.lesprojekt.cz\/index.php?rest_route=\/wp\/v2\/users\/1"}],"replies":[{"embeddable":true,"href":"https:\/\/www.lesprojekt.cz\/index.php?rest_route=%2Fwp%2Fv2%2Fcomments&post=86"}],"version-history":[{"count":7,"href":"https:\/\/www.lesprojekt.cz\/index.php?rest_route=\/wp\/v2\/pages\/86\/revisions"}],"predecessor-version":[{"id":1414,"href":"https:\/\/www.lesprojekt.cz\/index.php?rest_route=\/wp\/v2\/pages\/86\/revisions\/1414"}],"up":[{"embeddable":true,"href":"https:\/\/www.lesprojekt.cz\/index.php?rest_route=\/wp\/v2\/pages\/19"}],"wp:attachment":[{"href":"https:\/\/www.lesprojekt.cz\/index.php?rest_route=%2Fwp%2Fv2%2Fmedia&parent=86"}],"curies":[{"name":"wp","href":"https:\/\/api.w.org\/{rel}","templated":true}]}}