{"id":867,"date":"2020-06-01T17:14:42","date_gmt":"2020-06-01T15:14:42","guid":{"rendered":"http:\/\/www.lesprojekt.cz\/?page_id=867"},"modified":"2023-06-19T14:45:14","modified_gmt":"2023-06-19T12:45:14","slug":"demeter","status":"publish","type":"page","link":"https:\/\/www.lesprojekt.cz\/?page_id=867","title":{"rendered":"DEMETER"},"content":{"rendered":"<p><!--:cs-->EMPOWERING FARMERS<\/p>\n<p>Projekt DEMETER zahrnuje rozs\u00e1hl\u00e9 rozm\u00edst\u011bn\u00ed interoperabiln\u00edch platforem zalo\u017een\u00fdch na interoperabiln\u00edch inteligentn\u00edch zem\u011bd\u011blsk\u00fdch platform\u00e1ch zalo\u017een\u00fdch na IoT (Internet of Things) zalo\u017een\u00fdch na farm\u011b prost\u0159ednictv\u00edm \u0159ady 20 pilot\u016f v 18 zem\u00edch (15 zem\u00ed EU). DEMETER, do kter\u00e9ho je zapojeno 60 partner\u016f, p\u0159ij\u00edm\u00e1 p\u0159\u00edstup zalo\u017een\u00fd na v\u00edce akt\u00e9rech v cel\u00e9m hodnotov\u00e9m \u0159et\u011bzci (popt\u00e1vka a nab\u00eddka), p\u0159i\u010dem\u017e je nasazeno 25 pracovi\u0161\u0165 rozm\u00edst\u011bn\u00ed, 6 000 zem\u011bd\u011blc\u016f a v\u00edce ne\u017e 38 000 za\u0159\u00edzen\u00ed a senzor\u016f.<br><a href=\"https:\/\/h2020-demeter.eu\/\">https:\/\/h2020-demeter.eu\/<\/a><\/p>\n\n\n<figure class=\"wp-block-image size-large\"><img loading=\"lazy\" decoding=\"async\" width=\"357\" height=\"162\" src=\"http:\/\/www.lesprojekt.cz\/wp-content\/uploads\/2020\/06\/Demeter.png\" alt=\"\" class=\"wp-image-873\" srcset=\"https:\/\/www.lesprojekt.cz\/wp-content\/uploads\/2020\/06\/Demeter.png 357w, https:\/\/www.lesprojekt.cz\/wp-content\/uploads\/2020\/06\/Demeter-300x136.png 300w\" sizes=\"auto, (max-width: 357px) 100vw, 357px\" \/><\/figure>\n","protected":false},"excerpt":{"rendered":"<p>EMPOWERING FARMERS Projekt DEMETER zahrnuje rozs\u00e1hl\u00e9 rozm\u00edst\u011bn\u00ed interoperabiln\u00edch platforem zalo\u017een\u00fdch na interoperabiln\u00edch inteligentn\u00edch zem\u011bd\u011blsk\u00fdch platform\u00e1ch zalo\u017een\u00fdch na IoT (Internet of Things) zalo\u017een\u00fdch na farm\u011b prost\u0159ednictv\u00edm \u0159ady 20 pilot\u016f v 18 zem\u00edch (15 zem\u00ed EU). DEMETER, do kter\u00e9ho je zapojeno 60 partner\u016f, p\u0159ij\u00edm\u00e1 p\u0159\u00edstup zalo\u017een\u00fd na v\u00edce akt\u00e9rech v cel\u00e9m hodnotov\u00e9m \u0159et\u011bzci (popt\u00e1vka a nab\u00eddka), p\u0159i\u010dem\u017e [&hellip;]<\/p>\n","protected":false},"author":1,"featured_media":0,"parent":19,"menu_order":0,"comment_status":"closed","ping_status":"closed","template":"","meta":{"footnotes":""},"class_list":["post-867","page","type-page","status-publish","hentry"],"_links":{"self":[{"href":"https:\/\/www.lesprojekt.cz\/index.php?rest_route=\/wp\/v2\/pages\/867","targetHints":{"allow":["GET"]}}],"collection":[{"href":"https:\/\/www.lesprojekt.cz\/index.php?rest_route=\/wp\/v2\/pages"}],"about":[{"href":"https:\/\/www.lesprojekt.cz\/index.php?rest_route=\/wp\/v2\/types\/page"}],"author":[{"embeddable":true,"href":"https:\/\/www.lesprojekt.cz\/index.php?rest_route=\/wp\/v2\/users\/1"}],"replies":[{"embeddable":true,"href":"https:\/\/www.lesprojekt.cz\/index.php?rest_route=%2Fwp%2Fv2%2Fcomments&post=867"}],"version-history":[{"count":7,"href":"https:\/\/www.lesprojekt.cz\/index.php?rest_route=\/wp\/v2\/pages\/867\/revisions"}],"predecessor-version":[{"id":1401,"href":"https:\/\/www.lesprojekt.cz\/index.php?rest_route=\/wp\/v2\/pages\/867\/revisions\/1401"}],"up":[{"embeddable":true,"href":"https:\/\/www.lesprojekt.cz\/index.php?rest_route=\/wp\/v2\/pages\/19"}],"wp:attachment":[{"href":"https:\/\/www.lesprojekt.cz\/index.php?rest_route=%2Fwp%2Fv2%2Fmedia&parent=867"}],"curies":[{"name":"wp","href":"https:\/\/api.w.org\/{rel}","templated":true}]}}